{"id":808,"date":"2026-02-04T11:30:41","date_gmt":"2026-02-04T10:30:41","guid":{"rendered":"https:\/\/nordiccarline.dk\/?post_type=product&#038;p=808"},"modified":"2026-04-09T07:30:19","modified_gmt":"2026-04-09T06:30:19","slug":"blaa-bordhund-lux-spec","status":"publish","type":"product","link":"https:\/\/nordiccarline.dk\/?product=blaa-bordhund-lux-spec","title":{"rendered":"Bl\u00e5 Bordhund lux &#8211; spec."},"content":{"rendered":"<p>Bl\u00e5 Bordhund lux &#8211; spec: Med justerbar alu stang, der kan justeres i h\u00f8jden og fastsp\u00e6ndes, samt kan svinge til h\u00f8jre og venstre. Kan trinl\u00f8s justeres i hele bagpladen p\u00e5 selve bundpladen ( 3 trin ) for at stabiliserer de emner man s\u00e6tter p\u00e5 den bl\u00e5 bordhund lux. Bundpladen har en udfr\u00e6sning for at lette de emner der skal igennem en d\u00f8r hvor det kan v\u00e6re sv\u00e6rt at f\u00e5 den igennem lige p\u00e5. Det perfekte v\u00e6rkt\u00f8j til at flytte skriveborde, d\u00f8re, tv&#8217;er osv. Vognen har en h\u00f8jde p\u00e5 150 mm. Den Bl\u00e5 Bordhund lux er meget st\u00e6rk og robust og kan klare en maksimal belastning p\u00e5 400 kg.<\/p>\n<p>M\u00e5l: ( mm ) 800x520x1160<br \/>\nH\u00f8jde: Den Bl\u00e5 Bordhund lux &#8211; spec: ( mm ) 1115 &#8211; ( Bl\u00e5 stof bel\u00e6gning ) &#8211; V\u00e6gt 22 kg.<br \/>\nL\u00e6ngde: ( mm ) 800 &#8211; Stel: Aluminium &#8211; Kan monteres med andre hjul.<\/p>\n<p><strong>Bem\u00e6rk:<\/strong> Ved forsendelse bliver der p\u00e5lagt fragtgebyr.<\/p>\n<div class=\"product_desc_full\">\n<p>&nbsp;<\/p>\n<\/div>\n","protected":false},"excerpt":{"rendered":"<p>Bl\u00e5 Bordhund lux &#8211; spec: Med justerbar alu stang, der kan justeres i h\u00f8jden og fastsp\u00e6ndes, samt kan svinge til h\u00f8jre og venstre. Kan trinl\u00f8s justeres i hele bagpladen p\u00e5 selve bundpladen ( 3 trin ) for at stabiliserer de emner man s\u00e6tter p\u00e5 den bl\u00e5 bordhund lux. Bundpladen har en udfr\u00e6sning for at lette [&hellip;]<\/p>\n","protected":false},"featured_media":809,"template":"","meta":[],"product_brand":[],"product_cat":[29],"product_tag":[],"class_list":{"0":"post-808","1":"product","2":"type-product","3":"status-publish","4":"has-post-thumbnail","6":"product_cat-bordhund","8":"first","9":"instock","10":"taxable","11":"shipping-taxable","12":"purchasable","13":"product-type-simple"},"_links":{"self":[{"href":"https:\/\/nordiccarline.dk\/index.php?rest_route=\/wp\/v2\/product\/808","targetHints":{"allow":["GET"]}}],"collection":[{"href":"https:\/\/nordiccarline.dk\/index.php?rest_route=\/wp\/v2\/product"}],"about":[{"href":"https:\/\/nordiccarline.dk\/index.php?rest_route=\/wp\/v2\/types\/product"}],"wp:featuredmedia":[{"embeddable":true,"href":"https:\/\/nordiccarline.dk\/index.php?rest_route=\/wp\/v2\/media\/809"}],"wp:attachment":[{"href":"https:\/\/nordiccarline.dk\/index.php?rest_route=%2Fwp%2Fv2%2Fmedia&parent=808"}],"wp:term":[{"taxonomy":"product_brand","embeddable":true,"href":"https:\/\/nordiccarline.dk\/index.php?rest_route=%2Fwp%2Fv2%2Fproduct_brand&post=808"},{"taxonomy":"product_cat","embeddable":true,"href":"https:\/\/nordiccarline.dk\/index.php?rest_route=%2Fwp%2Fv2%2Fproduct_cat&post=808"},{"taxonomy":"product_tag","embeddable":true,"href":"https:\/\/nordiccarline.dk\/index.php?rest_route=%2Fwp%2Fv2%2Fproduct_tag&post=808"}],"curies":[{"name":"wp","href":"https:\/\/api.w.org\/{rel}","templated":true}]}}