{"id":801,"date":"2026-01-27T09:13:45","date_gmt":"2026-01-27T08:13:45","guid":{"rendered":"https:\/\/nordiccarline.dk\/?post_type=product&#038;p=801"},"modified":"2026-01-27T09:18:04","modified_gmt":"2026-01-27T08:18:04","slug":"blaa-svk250-saekkevogn","status":"publish","type":"product","link":"https:\/\/nordiccarline.dk\/?product=blaa-svk250-saekkevogn","title":{"rendered":"BL\u00c5 SVK250 S\u00c6KKEVOGN"},"content":{"rendered":"<p><strong>St\u00e6rk og robust s\u00e6kkevogn &#8211; Kapacitet: 250 kg<\/strong><\/p>\n<p>Professionel s\u00e6kkevogn fremstillet i kraftige st\u00e5lr\u00f8r<br \/>\nMonteret med punkterfri hjul eller luftgummihjul<br \/>\nPulverlakeret<br \/>\nSVK250 er monteret med sammenklappelig lasteflade<strong><br \/>\n<\/strong><\/p>\n<p>Model: SVK250<br \/>\nKapacitet: 250 kg<br \/>\nLastplade: 190 \/ 530 mm<br \/>\nHjul: 3,0 x 4\/2 Massiv<br \/>\nV\u00e6gt: 15 kg.<\/p>\n<div><strong>Bem\u00e6rk:<\/strong> Ved forsendelse bliver der p\u00e5lagt fragtgebyr.<\/div>\n","protected":false},"excerpt":{"rendered":"<p>St\u00e6rk og robust s\u00e6kkevogn &#8211; Kapacitet: 250 kg Professionel s\u00e6kkevogn fremstillet i kraftige st\u00e5lr\u00f8r Monteret med punkterfri hjul eller luftgummihjul Pulverlakeret SVK250 er monteret med sammenklappelig lasteflade Model: SVK250 Kapacitet: 250 kg Lastplade: 190 \/ 530 mm Hjul: 3,0 x 4\/2 Massiv V\u00e6gt: 15 kg. Bem\u00e6rk: Ved forsendelse bliver der p\u00e5lagt fragtgebyr.<\/p>\n","protected":false},"featured_media":802,"template":"","meta":[],"product_brand":[],"product_cat":[23],"product_tag":[],"class_list":{"0":"post-801","1":"product","2":"type-product","3":"status-publish","4":"has-post-thumbnail","6":"product_cat-saekkevogne","8":"first","9":"instock","10":"taxable","11":"shipping-taxable","12":"purchasable","13":"product-type-simple"},"_links":{"self":[{"href":"https:\/\/nordiccarline.dk\/index.php?rest_route=\/wp\/v2\/product\/801","targetHints":{"allow":["GET"]}}],"collection":[{"href":"https:\/\/nordiccarline.dk\/index.php?rest_route=\/wp\/v2\/product"}],"about":[{"href":"https:\/\/nordiccarline.dk\/index.php?rest_route=\/wp\/v2\/types\/product"}],"wp:featuredmedia":[{"embeddable":true,"href":"https:\/\/nordiccarline.dk\/index.php?rest_route=\/wp\/v2\/media\/802"}],"wp:attachment":[{"href":"https:\/\/nordiccarline.dk\/index.php?rest_route=%2Fwp%2Fv2%2Fmedia&parent=801"}],"wp:term":[{"taxonomy":"product_brand","embeddable":true,"href":"https:\/\/nordiccarline.dk\/index.php?rest_route=%2Fwp%2Fv2%2Fproduct_brand&post=801"},{"taxonomy":"product_cat","embeddable":true,"href":"https:\/\/nordiccarline.dk\/index.php?rest_route=%2Fwp%2Fv2%2Fproduct_cat&post=801"},{"taxonomy":"product_tag","embeddable":true,"href":"https:\/\/nordiccarline.dk\/index.php?rest_route=%2Fwp%2Fv2%2Fproduct_tag&post=801"}],"curies":[{"name":"wp","href":"https:\/\/api.w.org\/{rel}","templated":true}]}}