{"id":798,"date":"2026-01-27T09:09:41","date_gmt":"2026-01-27T08:09:41","guid":{"rendered":"https:\/\/nordiccarline.dk\/?post_type=product&#038;p=798"},"modified":"2026-01-27T09:13:28","modified_gmt":"2026-01-27T08:13:28","slug":"danboeren-saekkevogn-st-250","status":"publish","type":"product","link":"https:\/\/nordiccarline.dk\/?product=danboeren-saekkevogn-st-250","title":{"rendered":"Danb\u00f8ren S\u00e6kkevogn ST 250"},"content":{"rendered":"<p><strong>Anbefalet brug<\/strong><br \/>\nHobby<\/p>\n<p><strong>Garanti<\/strong><br \/>\n2 \u00e5r<\/p>\n<p><strong>Oprindelsesland<\/strong><br \/>\nKina<\/p>\n<p>S\u00e6kkevogn med gummih\u00e5ndtag fra Danb\u00f8ren, der med en egenv\u00e6gt p\u00e5 13 kg er egnet til de lidt st\u00f8rre transportopgaver i hjemmet og haven. S\u00e6kkevognen er udstyret med luftgummihjul p\u00e5 plastf\u00e6lg med rulleleje, og en b\u00e6replade p\u00e5 D160 mm samt en udfaldsramme, der m\u00e5ler 530 mm i dybden. Lastkapacitet 250 kg.<br \/>\nLeveres usamlet &#8211; ( Der skal kun montetes hjul &#8211; nemt )<\/p>\n<p>&nbsp;<\/p>\n<div><strong>Bem\u00e6rk:<\/strong> Ved forsendelse bliver der p\u00e5lagt fragtgebyr.<\/div>\n","protected":false},"excerpt":{"rendered":"<p>Anbefalet brug Hobby Garanti 2 \u00e5r Oprindelsesland Kina S\u00e6kkevogn med gummih\u00e5ndtag fra Danb\u00f8ren, der med en egenv\u00e6gt p\u00e5 13 kg er egnet til de lidt st\u00f8rre transportopgaver i hjemmet og haven. S\u00e6kkevognen er udstyret med luftgummihjul p\u00e5 plastf\u00e6lg med rulleleje, og en b\u00e6replade p\u00e5 D160 mm samt en udfaldsramme, der m\u00e5ler 530 mm i dybden. [&hellip;]<\/p>\n","protected":false},"featured_media":799,"template":"","meta":[],"product_brand":[],"product_cat":[23],"product_tag":[],"class_list":{"0":"post-798","1":"product","2":"type-product","3":"status-publish","4":"has-post-thumbnail","6":"product_cat-saekkevogne","8":"first","9":"instock","10":"taxable","11":"shipping-taxable","12":"purchasable","13":"product-type-simple"},"_links":{"self":[{"href":"https:\/\/nordiccarline.dk\/index.php?rest_route=\/wp\/v2\/product\/798","targetHints":{"allow":["GET"]}}],"collection":[{"href":"https:\/\/nordiccarline.dk\/index.php?rest_route=\/wp\/v2\/product"}],"about":[{"href":"https:\/\/nordiccarline.dk\/index.php?rest_route=\/wp\/v2\/types\/product"}],"wp:featuredmedia":[{"embeddable":true,"href":"https:\/\/nordiccarline.dk\/index.php?rest_route=\/wp\/v2\/media\/799"}],"wp:attachment":[{"href":"https:\/\/nordiccarline.dk\/index.php?rest_route=%2Fwp%2Fv2%2Fmedia&parent=798"}],"wp:term":[{"taxonomy":"product_brand","embeddable":true,"href":"https:\/\/nordiccarline.dk\/index.php?rest_route=%2Fwp%2Fv2%2Fproduct_brand&post=798"},{"taxonomy":"product_cat","embeddable":true,"href":"https:\/\/nordiccarline.dk\/index.php?rest_route=%2Fwp%2Fv2%2Fproduct_cat&post=798"},{"taxonomy":"product_tag","embeddable":true,"href":"https:\/\/nordiccarline.dk\/index.php?rest_route=%2Fwp%2Fv2%2Fproduct_tag&post=798"}],"curies":[{"name":"wp","href":"https:\/\/api.w.org\/{rel}","templated":true}]}}