{"id":758,"date":"2025-04-15T07:48:15","date_gmt":"2025-04-15T06:48:15","guid":{"rendered":"https:\/\/nordiccarline.dk\/?post_type=product&#038;p=758"},"modified":"2025-04-15T07:50:07","modified_gmt":"2025-04-15T06:50:07","slug":"blaa-endeloes-surring-basic-50e-endeloes-spaendestrop-med-skralle","status":"publish","type":"product","link":"https:\/\/nordiccarline.dk\/?product=blaa-endeloes-surring-basic-50e-endeloes-spaendestrop-med-skralle","title":{"rendered":"Bl\u00e5 Endel\u00f8s Surring \/ Basic 50E endel\u00f8s sp\u00e6ndestrop med skralle"},"content":{"rendered":"<p><strong>Basic 50E endel\u00f8s | B\u00e5nd Bredde: 50mm | L\u00e6ngde: 10,0m | LC: 4000daN &#8211; 8000 kg | Farve: Bl\u00e5<br \/>\n<\/strong>Basic 50-2000 er en prisbillig rem, som bruges af de fleste vognmandsfirmaer og som fungerer rigtig godt p\u00e5 alle typer vare og lastbiler. Alle komponenter er testet og af meget god kvalitet for at garantere lang levetid og h\u00f8j sikkerhed. Udformningen af skallen er designet til at give et fast og behageligt greb. Remmen er lavet af h\u00f8jstyrke polyester med en t\u00e6t v\u00e6vningsstruktur, som g\u00f8r surringen meget glat og holdbar.<\/p>\n<p>\u2022 Klemkraften (STF) for Basic 50-2000 er 350 daN ved STH 50 daN (Standard Hand Force).<br \/>\n\u2022 M\u00e6rkning og design i henhold til SS-EN 12195-2 &#8211; Godkend transport.<\/p>\n","protected":false},"excerpt":{"rendered":"<p>Basic 50E endel\u00f8s | B\u00e5nd Bredde: 50mm | L\u00e6ngde: 10,0m | LC: 4000daN &#8211; 8000 kg | Farve: Bl\u00e5 Basic 50-2000 er en prisbillig rem, som bruges af de fleste vognmandsfirmaer og som fungerer rigtig godt p\u00e5 alle typer vare og lastbiler. Alle komponenter er testet og af meget god kvalitet for at garantere lang [&hellip;]<\/p>\n","protected":false},"featured_media":759,"template":"","meta":[],"product_brand":[],"product_cat":[26],"product_tag":[],"class_list":{"0":"post-758","1":"product","2":"type-product","3":"status-publish","4":"has-post-thumbnail","6":"product_cat-surringer","8":"first","9":"instock","10":"taxable","11":"shipping-taxable","12":"purchasable","13":"product-type-simple"},"_links":{"self":[{"href":"https:\/\/nordiccarline.dk\/index.php?rest_route=\/wp\/v2\/product\/758","targetHints":{"allow":["GET"]}}],"collection":[{"href":"https:\/\/nordiccarline.dk\/index.php?rest_route=\/wp\/v2\/product"}],"about":[{"href":"https:\/\/nordiccarline.dk\/index.php?rest_route=\/wp\/v2\/types\/product"}],"wp:featuredmedia":[{"embeddable":true,"href":"https:\/\/nordiccarline.dk\/index.php?rest_route=\/wp\/v2\/media\/759"}],"wp:attachment":[{"href":"https:\/\/nordiccarline.dk\/index.php?rest_route=%2Fwp%2Fv2%2Fmedia&parent=758"}],"wp:term":[{"taxonomy":"product_brand","embeddable":true,"href":"https:\/\/nordiccarline.dk\/index.php?rest_route=%2Fwp%2Fv2%2Fproduct_brand&post=758"},{"taxonomy":"product_cat","embeddable":true,"href":"https:\/\/nordiccarline.dk\/index.php?rest_route=%2Fwp%2Fv2%2Fproduct_cat&post=758"},{"taxonomy":"product_tag","embeddable":true,"href":"https:\/\/nordiccarline.dk\/index.php?rest_route=%2Fwp%2Fv2%2Fproduct_tag&post=758"}],"curies":[{"name":"wp","href":"https:\/\/api.w.org\/{rel}","templated":true}]}}