{"id":751,"date":"2025-04-15T07:37:57","date_gmt":"2025-04-15T06:37:57","guid":{"rendered":"https:\/\/nordiccarline.dk\/?post_type=product&#038;p=751"},"modified":"2026-04-26T11:03:07","modified_gmt":"2026-04-26T10:03:07","slug":"flyttetaepper-vaevet-fedepack-roed-150-x-250-cm-x-2065gr","status":"publish","type":"product","link":"https:\/\/nordiccarline.dk\/?product=flyttetaepper-vaevet-fedepack-roed-150-x-250-cm-x-2065gr","title":{"rendered":"Flyttet\u00e6pper V\u00e6vet FEDEPACK R\u00d8D \u2013 150 x 250 cm x 2065gr"},"content":{"rendered":"<p><strong>V\u00e6vede bev\u00e6gelige t\u00e6pper FEDEPACK R\u00d8D \u2013 150 x 250 cm x 2065gr<\/strong><br \/>\nVi kalder ogs\u00e5 vores kraftige v\u00e6vet flyttet\u00e6pper for vores overlegne flyttet\u00e6pper. De bruges ofte til tungere job eller af professionelle flyttem\u00e6nd. For professionelle flyttem\u00e6nd er flyttet\u00e6pper af god kvalitet uundv\u00e6rlige. Disse overlegne FEDEPACK\u00a0R\u00d8D v\u00e6vede t\u00e6pper er yderst velegnede til at beskytte m\u00f8bler under en flytning. Pak m\u00f8bler ind med et kraftigt flyttet\u00e6ppe eller l\u00e6g et flyttet\u00e6ppe mellem to stablede m\u00f8bler. Ved at bruge et flyttet\u00e6ppe beskytter du dine m\u00f8bler mod ridser og andre skader. T\u00e6pperne er ikke kun velegnede under flytning, men ogs\u00e5 ved transport af v\u00e6rdifulde eller skr\u00f8belige varer.<\/p>\n<p>+ Meget st\u00e6rk<br \/>\n+ Fleksibel og genanvendelig<br \/>\n+ Fremragende beskyttelse<br \/>\n+ Lavet af kraftig kvalitet<\/p>\n<p><strong>Kraftigt overlegne flyttet\u00e6ppe<\/strong><br \/>\nDette Fedepack\u00a0R\u00f8d overlegne flyttet\u00e6pper er krydsv\u00e6vet med polyestertr\u00e5d v\u00e6vet igennem dem, samt der er mere polyestertr\u00e5d i dette v\u00e6vet FEDEPACK\u00a0R\u00d8D t\u00e6ppe, som g\u00f8re det str\u00e6kker. V\u00e6gten 550\u00a0g\/m2.\u00a0\u00a0kvadratmeter af disse kraftige flyttet\u00e6pper er h\u00f8jere end standard v\u00e6vet og syede alm flyttet\u00e6pper. Som et resultat er disse t\u00e6pper mere robuste, mere holdbare og stivere. Fordi t\u00e6ppet har en grov, ubearbejdet side, er det ogs\u00e5 mere robust. Den anden side er bl\u00f8d. Den grove side holdes altid p\u00e5 ydersiden og kan nemt pakkes ind med tape eller andre pakkematerialer. Toppen og bunden af de v\u00e6vede t\u00e6pper er syet med en snors\u00f8m, s\u00e5 de ikke let rives i stykker. Disse overlegne v\u00e6vede flyttet\u00e6pper er gr\u00e5 i farven med r\u00f8d og hvide striber. Det t\u00e6ppe i 150 x 250 cm vejer 2065 gram og er fleksible. T\u00e6ppernes materiale best\u00e5r af bomuld, uld og genbrugte tekstilfibre samt mere polyestertr\u00e5d i t\u00e6ppet, som g\u00f8r det str\u00e6kker . Kan du vaske flyttet\u00e6ppet? Bare rolig, du kan vaske flyttet\u00e6pperne. Vask dem ikke ved temperaturer over 40\u00a0\u00a0\u00b0C, da de ellers kan krympe\u00a0. Fordi flyttet\u00e6ppet indeholder uld, er det dejligt varmt. Dette g\u00f8r det muligt at bruge flyttet\u00e6ppet som et t\u00e6ppe \/ plaid . Ved at bruge flyttet\u00e6ppet som et t\u00e6ppe, holder du dig dejlig varm, n\u00e5r du for eksempel sidder udenfor p\u00e5 terrassen.<\/p>\n<p><strong>K\u00f8b overlegne v\u00e6vede flyttet\u00e6pper<\/strong><br \/>\nDu kan selvf\u00f8lgelig k\u00f8be de overlegne FEDEPACK\u00a0R\u00d8D\u00a0flyttet\u00e6pper i topklasse\u00a0hos Nordic Car Line. Du kan k\u00f8be det v\u00e6vede flyttet\u00e6ppe til en attraktiv pris. Flyttet\u00e6pperne er overkommelige. Du kan k\u00f8be flyttet\u00e6pperne enkeltvis eller flere p\u00e5 \u00e9n gang. De overlegne FEDEPACK\u00a0R\u00d8D flyttet\u00e6pper\u00a0er ogs\u00e5 kendt som opbevarings t\u00e6pper, beskyttelsest\u00e6pper eller paknings t\u00e6pper. T\u00e6pperne er derfor ideelle til brug som opbevarings t\u00e6ppe. Pak dine v\u00e6rdigenstande til opbevaring med et opbevaringst\u00e6ppe eller pakningst\u00e6ppe og beskyt dem mod skader og snavs. Opbevaringst\u00e6pperne er genanvendelige. Du kan ogs\u00e5 bruge t\u00e6ppet som et beskyttelsest\u00e6ppe til din sofa. Med et beskyttelsest\u00e6ppe til din sofa f\u00e5r den ikke ridser eller pletter, og din hund kan for eksempel ligge komfortabelt p\u00e5 sofaen.<\/p>\n<p>Kontakt os for tilbud ved st\u00f8rre m\u00e6ngde.<\/p>\n<p>Der p\u00e5l\u00e6gges fragt ved forsendelse.<\/p>\n<p>&nbsp;<\/p>\n<p><img loading=\"lazy\" decoding=\"async\" class=\"alignnone size-medium wp-image-753\" src=\"https:\/\/nordiccarline.dk\/wp-content\/uploads\/2025\/04\/1165-2-300x300.jpg\" alt=\"\" width=\"300\" height=\"300\" srcset=\"https:\/\/nordiccarline.dk\/wp-content\/uploads\/2025\/04\/1165-2-300x300.jpg 300w, https:\/\/nordiccarline.dk\/wp-content\/uploads\/2025\/04\/1165-2-150x150.jpg 150w, https:\/\/nordiccarline.dk\/wp-content\/uploads\/2025\/04\/1165-2-768x768.jpg 768w, https:\/\/nordiccarline.dk\/wp-content\/uploads\/2025\/04\/1165-2-400x400.jpg 400w, https:\/\/nordiccarline.dk\/wp-content\/uploads\/2025\/04\/1165-2-600x600.jpg 600w, https:\/\/nordiccarline.dk\/wp-content\/uploads\/2025\/04\/1165-2-324x324.jpg 324w, https:\/\/nordiccarline.dk\/wp-content\/uploads\/2025\/04\/1165-2-416x416.jpg 416w, https:\/\/nordiccarline.dk\/wp-content\/uploads\/2025\/04\/1165-2-100x100.jpg 100w, https:\/\/nordiccarline.dk\/wp-content\/uploads\/2025\/04\/1165-2.jpg 800w\" sizes=\"auto, (max-width: 300px) 100vw, 300px\" \/><\/p>\n","protected":false},"excerpt":{"rendered":"<p>V\u00e6vede bev\u00e6gelige t\u00e6pper FEDEPACK R\u00d8D \u2013 150 x 250 cm x 2065gr Vi kalder ogs\u00e5 vores kraftige v\u00e6vet flyttet\u00e6pper for vores overlegne flyttet\u00e6pper. De bruges ofte til tungere job eller af professionelle flyttem\u00e6nd. For professionelle flyttem\u00e6nd er flyttet\u00e6pper af god kvalitet uundv\u00e6rlige. Disse overlegne FEDEPACK\u00a0R\u00d8D v\u00e6vede t\u00e6pper er yderst velegnede til at beskytte m\u00f8bler under [&hellip;]<\/p>\n","protected":false},"featured_media":752,"template":"","meta":[],"product_brand":[],"product_cat":[18],"product_tag":[],"class_list":{"0":"post-751","1":"product","2":"type-product","3":"status-publish","4":"has-post-thumbnail","6":"product_cat-taepper","8":"first","9":"instock","10":"taxable","11":"shipping-taxable","12":"purchasable","13":"product-type-simple"},"_links":{"self":[{"href":"https:\/\/nordiccarline.dk\/index.php?rest_route=\/wp\/v2\/product\/751","targetHints":{"allow":["GET"]}}],"collection":[{"href":"https:\/\/nordiccarline.dk\/index.php?rest_route=\/wp\/v2\/product"}],"about":[{"href":"https:\/\/nordiccarline.dk\/index.php?rest_route=\/wp\/v2\/types\/product"}],"wp:featuredmedia":[{"embeddable":true,"href":"https:\/\/nordiccarline.dk\/index.php?rest_route=\/wp\/v2\/media\/752"}],"wp:attachment":[{"href":"https:\/\/nordiccarline.dk\/index.php?rest_route=%2Fwp%2Fv2%2Fmedia&parent=751"}],"wp:term":[{"taxonomy":"product_brand","embeddable":true,"href":"https:\/\/nordiccarline.dk\/index.php?rest_route=%2Fwp%2Fv2%2Fproduct_brand&post=751"},{"taxonomy":"product_cat","embeddable":true,"href":"https:\/\/nordiccarline.dk\/index.php?rest_route=%2Fwp%2Fv2%2Fproduct_cat&post=751"},{"taxonomy":"product_tag","embeddable":true,"href":"https:\/\/nordiccarline.dk\/index.php?rest_route=%2Fwp%2Fv2%2Fproduct_tag&post=751"}],"curies":[{"name":"wp","href":"https:\/\/api.w.org\/{rel}","templated":true}]}}