{"id":663,"date":"2024-06-18T10:26:04","date_gmt":"2024-06-18T09:26:04","guid":{"rendered":"https:\/\/nordiccarline.dk\/?post_type=product&#038;p=663"},"modified":"2024-06-18T10:27:45","modified_gmt":"2024-06-18T09:27:45","slug":"orange-spaendebaand-eurogrip-surring-med-oc-laas","status":"publish","type":"product","link":"https:\/\/nordiccarline.dk\/?product=orange-spaendebaand-eurogrip-surring-med-oc-laas","title":{"rendered":"Orange sp\u00e6ndeb\u00e5nd \/ Eurogrip surring med OC-L\u00e5s"},"content":{"rendered":"<p>Orange sp\u00e6ndeb\u00e5nd \/ surring med OC-L\u00e5s 2-delt og E-fast ( Eurogrip )\u00a0 i 1,0-5,0 m. B\u00e5ndbrede\u00a050mm.\u00a02000kg brudstyrke. LC: 1000 daN. Surring \/ sp\u00e6ndeb\u00e5nd\/Surring i forskellige udgaver som f\u00f8lger SS-EN12195-2.\u00a0H\u00e5ndtag OC-L\u00e5s.\u00a0Spec model. Fremstillet af st\u00e6rkt polyester, som er impr\u00e6gneret for at modst\u00e5 vind og vejr, og kan klare op til 2000 kg brudstyrke. Godk. Transport.<\/p>\n<p>I forhold til en skralle, er en OC-L\u00e5s\u00a0kun med et tryk s\u00e5 man undg\u00e5r at oversp\u00e6nde.<\/p>\n<p>Ved 10 stk. og derover kontakt os for tilbud.<\/p>\n<p><strong>Bem\u00e6rk:<\/strong> Ved forsendelse bliver der p\u00e5lagt fragtgebyr.<\/p>\n<p><img loading=\"lazy\" decoding=\"async\" class=\"alignnone size-medium wp-image-665\" src=\"https:\/\/nordiccarline.dk\/wp-content\/uploads\/2024\/06\/20240603_134921-225x300.jpg\" alt=\"\" width=\"225\" height=\"300\" srcset=\"https:\/\/nordiccarline.dk\/wp-content\/uploads\/2024\/06\/20240603_134921-225x300.jpg 225w, https:\/\/nordiccarline.dk\/wp-content\/uploads\/2024\/06\/20240603_134921-416x555.jpg 416w, https:\/\/nordiccarline.dk\/wp-content\/uploads\/2024\/06\/20240603_134921.jpg 768w\" sizes=\"auto, (max-width: 225px) 100vw, 225px\" \/><\/p>\n","protected":false},"excerpt":{"rendered":"<p>Orange sp\u00e6ndeb\u00e5nd \/ surring med OC-L\u00e5s 2-delt og E-fast ( Eurogrip )\u00a0 i 1,0-5,0 m. B\u00e5ndbrede\u00a050mm.\u00a02000kg brudstyrke. LC: 1000 daN. Surring \/ sp\u00e6ndeb\u00e5nd\/Surring i forskellige udgaver som f\u00f8lger SS-EN12195-2.\u00a0H\u00e5ndtag OC-L\u00e5s.\u00a0Spec model. Fremstillet af st\u00e6rkt polyester, som er impr\u00e6gneret for at modst\u00e5 vind og vejr, og kan klare op til 2000 kg brudstyrke. Godk. Transport. I [&hellip;]<\/p>\n","protected":false},"featured_media":664,"template":"","meta":[],"product_brand":[],"product_cat":[26],"product_tag":[],"class_list":{"0":"post-663","1":"product","2":"type-product","3":"status-publish","4":"has-post-thumbnail","6":"product_cat-surringer","8":"first","9":"instock","10":"taxable","11":"shipping-taxable","12":"purchasable","13":"product-type-simple"},"_links":{"self":[{"href":"https:\/\/nordiccarline.dk\/index.php?rest_route=\/wp\/v2\/product\/663","targetHints":{"allow":["GET"]}}],"collection":[{"href":"https:\/\/nordiccarline.dk\/index.php?rest_route=\/wp\/v2\/product"}],"about":[{"href":"https:\/\/nordiccarline.dk\/index.php?rest_route=\/wp\/v2\/types\/product"}],"wp:featuredmedia":[{"embeddable":true,"href":"https:\/\/nordiccarline.dk\/index.php?rest_route=\/wp\/v2\/media\/664"}],"wp:attachment":[{"href":"https:\/\/nordiccarline.dk\/index.php?rest_route=%2Fwp%2Fv2%2Fmedia&parent=663"}],"wp:term":[{"taxonomy":"product_brand","embeddable":true,"href":"https:\/\/nordiccarline.dk\/index.php?rest_route=%2Fwp%2Fv2%2Fproduct_brand&post=663"},{"taxonomy":"product_cat","embeddable":true,"href":"https:\/\/nordiccarline.dk\/index.php?rest_route=%2Fwp%2Fv2%2Fproduct_cat&post=663"},{"taxonomy":"product_tag","embeddable":true,"href":"https:\/\/nordiccarline.dk\/index.php?rest_route=%2Fwp%2Fv2%2Fproduct_tag&post=663"}],"curies":[{"name":"wp","href":"https:\/\/api.w.org\/{rel}","templated":true}]}}