{"id":614,"date":"2024-01-10T11:16:36","date_gmt":"2024-01-10T10:16:36","guid":{"rendered":"https:\/\/nordiccarline.dk\/?post_type=product&#038;p=614"},"modified":"2024-05-27T09:36:07","modified_gmt":"2024-05-27T08:36:07","slug":"e-fast-beslag-euro-grip","status":"publish","type":"product","link":"https:\/\/nordiccarline.dk\/?product=e-fast-beslag-euro-grip","title":{"rendered":"E-fast beslag med O-Ring"},"content":{"rendered":"<p>E-fast beslag ( Euro-grip ) med l\u00e5s 50 mm og Med O-ring | Brudstyrke: 1850 kg | LC: 925daN | Farve: Forzinket Cr 6+ Free.<br \/>\nPasser ind i kassevogn med Combi eller Universal skinne.<br \/>\nM\u00e6rkning og design i overensstemmelse med EN 12195-2. Godk Transport \/ farlig gods.<\/p>\n<p>Ring eller skriv ved tilbud p\u00e5 st\u00f8rre m\u00e6ngde.<\/p>\n<p><strong>Bem\u00e6rk:<\/strong> Ved forsendelse bliver der p\u00e5lagt fragtgebyr.<\/p>\n","protected":false},"excerpt":{"rendered":"<p>E-fast beslag ( Euro-grip ) med l\u00e5s 50 mm og Med O-ring | Brudstyrke: 1850 kg | LC: 925daN | Farve: Forzinket Cr 6+ Free. Passer ind i kassevogn med Combi eller Universal skinne. M\u00e6rkning og design i overensstemmelse med EN 12195-2. Godk Transport \/ farlig gods. Ring eller skriv ved tilbud p\u00e5 st\u00f8rre m\u00e6ngde. [&hellip;]<\/p>\n","protected":false},"featured_media":615,"template":"","meta":[],"product_brand":[],"product_cat":[26],"product_tag":[],"class_list":{"0":"post-614","1":"product","2":"type-product","3":"status-publish","4":"has-post-thumbnail","6":"product_cat-surringer","8":"first","9":"instock","10":"taxable","11":"shipping-taxable","12":"purchasable","13":"product-type-simple"},"_links":{"self":[{"href":"https:\/\/nordiccarline.dk\/index.php?rest_route=\/wp\/v2\/product\/614","targetHints":{"allow":["GET"]}}],"collection":[{"href":"https:\/\/nordiccarline.dk\/index.php?rest_route=\/wp\/v2\/product"}],"about":[{"href":"https:\/\/nordiccarline.dk\/index.php?rest_route=\/wp\/v2\/types\/product"}],"wp:featuredmedia":[{"embeddable":true,"href":"https:\/\/nordiccarline.dk\/index.php?rest_route=\/wp\/v2\/media\/615"}],"wp:attachment":[{"href":"https:\/\/nordiccarline.dk\/index.php?rest_route=%2Fwp%2Fv2%2Fmedia&parent=614"}],"wp:term":[{"taxonomy":"product_brand","embeddable":true,"href":"https:\/\/nordiccarline.dk\/index.php?rest_route=%2Fwp%2Fv2%2Fproduct_brand&post=614"},{"taxonomy":"product_cat","embeddable":true,"href":"https:\/\/nordiccarline.dk\/index.php?rest_route=%2Fwp%2Fv2%2Fproduct_cat&post=614"},{"taxonomy":"product_tag","embeddable":true,"href":"https:\/\/nordiccarline.dk\/index.php?rest_route=%2Fwp%2Fv2%2Fproduct_tag&post=614"}],"curies":[{"name":"wp","href":"https:\/\/api.w.org\/{rel}","templated":true}]}}