{"id":584,"date":"2023-10-09T11:30:30","date_gmt":"2023-10-09T10:30:30","guid":{"rendered":"https:\/\/nordiccarline.dk\/?post_type=product&#038;p=584"},"modified":"2025-02-24T08:20:20","modified_gmt":"2025-02-24T07:20:20","slug":"vaevet-flyttetaeppe-i-150-x-200-cm","status":"publish","type":"product","link":"https:\/\/nordiccarline.dk\/?product=vaevet-flyttetaeppe-i-150-x-200-cm","title":{"rendered":"Flyttet\u00e6pper v\u00e6vet stribet r\u00f8d\/hvid\/gul &#8211; 150 x 200 cm x 1400gr"},"content":{"rendered":"<p><strong>V\u00e6vede bev\u00e6gelige t\u00e6pper stribet r\u00f8d\/hvid\/gul &#8211; 150 x 200 cm x 1400gr<\/strong><br \/>\nEr du ved at flytte? S\u00e5 er gode v\u00e6vede flyttet\u00e6pper uundv\u00e6rlige. Disse v\u00e6vet t\u00e6pper er ideelle til at beskytte dine m\u00f8bler under en flytning. Pak dine m\u00f8bler med et v\u00e6vet flyttet\u00e6ppe eller l\u00e6g et flyttet\u00e6ppe mellem to stablede m\u00f8bler. Ved at bruge et flyttet\u00e6ppe beskytter du dine m\u00f8bler mod ridser og andre skader. T\u00e6pperne er ikke kun velegnede under flytning, men ogs\u00e5 ved transport af v\u00e6rdifulde eller skr\u00f8belige varer.<\/p>\n<p>+ Fremragende beskyttelse<br \/>\n+ Fleksibel og genanvendelig<br \/>\n+ Stiv og meget st\u00e6rk<\/p>\n<p><strong>Robuste bev\u00e6gelige t\u00e6pper af god kvalitet<\/strong><br \/>\nDe v\u00e6vet flyttet\u00e6pper er kryds v\u00e6vede og har ogs\u00e5 en polyestertr\u00e5d v\u00e6vet igennem. Dette giver dem deres styrke og g\u00f8r dem st\u00e6rkere end almindelige syede flyttet\u00e6pper . De v\u00e6vede t\u00e6pper er ogs\u00e5 mere holdbare. Toppen og bunden af de v\u00e6vede t\u00e6pper er syet med en snores\u00f8m, s\u00e5 de ikke nemt rives i stykker. De v\u00e6vede bev\u00e6gelige t\u00e6pper er gr\u00e5 i farven med gule, hvide og r\u00f8de striber. Siderne er syet, hvilket g\u00f8r t\u00e6ppet ekstra robust.<\/p>\n<p>De vejer ca.1400 gram og er fleksible. T\u00e6ppernes materiale best\u00e5r af ca. 75% bomuld, uld og ca. 25% genbrugte tekstilfibre. Kan du vaske det bev\u00e6gelige t\u00e6ppe? Bare rolig, du kan vaske de bev\u00e6gelige t\u00e6pper. G\u00f8r ikke dette varmere end 40\u00b0C, da det ellers kan krympe. Fordi flyttet\u00e6ppet indeholder uld, er det dejligt varmt. Det betyder, at det bev\u00e6gelige t\u00e6ppe kan bruges som plaid. Ved at bruge flyttet\u00e6ppet som plaid holder du dig dejlig varm, n\u00e5r du for eksempel sidder ude p\u00e5 terrassen. Fordi det bev\u00e6gelige t\u00e6ppe er bl\u00f8dt p\u00e5 begge sider, f\u00f8les det behageligt. Bl\u00f8dheden er ogs\u00e5 nyttig ved pakning af ridse f\u00f8lsomme m\u00f8bler eller genstande.<\/p>\n<p><strong>Det uundv\u00e6rlige flyttet\u00e6ppe, n\u00e5r du skal flytte<\/strong><br \/>\nEt v\u00e6vet flyttet\u00e6ppe er et uundv\u00e6rligt v\u00e6rkt\u00f8j, n\u00e5r du skal flytte. v\u00e6vet flyttet\u00e6pper er ideelle til at beskytte dine m\u00f8bler og andre skr\u00f8belige genstande mod ridser, st\u00f8d og snavs. Uanset om du pakker skr\u00f8belige genstande eller sikrer st\u00f8rre m\u00f8bler, vil disse t\u00e6pper beskytte alt, hvad du holder af. Selv til opbevarede genstande er v\u00e6vet flyttet\u00e6pper et smart valg for at forhindre skader. Takket v\u00e6re deres bl\u00f8de og slidst\u00e6rke materiale tilbyder de optimal beskyttelse, s\u00e5 du ikke skal bekymre dig om skader under flytningen. For alle, der \u00f8nsker at holde deres skr\u00f8belige genstande sikkert, er et v\u00e6vet flyttet\u00e6pper simpelthen uundv\u00e6rlige.<\/p>\n<p><strong>K\u00f8b v\u00e6vede flyttet\u00e6pper hos Nordic Car Line<\/strong><br \/>\nDu kan selvf\u00f8lgelig k\u00f8be v\u00e6vet flyttet\u00e6pper hos Nordic Car Line. Du kan k\u00f8be det v\u00e6vede flyttet\u00e6ppe til en attraktiv pris. Du kan k\u00f8be flyttet\u00e6pper enkeltvis eller ring ( send en mail ) ved et st\u00f8rre antal. V\u00e6vede flyttet\u00e6pper er ogs\u00e5 kendt som opbevarings t\u00e6pper, beskyttende t\u00e6pper eller pakket\u00e6pper. T\u00e6pperne er ogs\u00e5 ideelle til brug som opbevarings t\u00e6pper. Pak dine v\u00e6rdigenstande ind til opbevaring med et opbevarings t\u00e6ppe eller pakket\u00e6ppe og beskyt dem mod skader og snavs. De v\u00e6vet flyttet\u00e6pper kan bruges flere gange. Du kan ogs\u00e5 bruge t\u00e6ppet som et beskyttende t\u00e6ppe til din sofa. Med et beskyttende t\u00e6ppe til din sofa f\u00e5r du ikke ridser eller pletter p\u00e5 den, og din hund kan for eksempel ligge behageligt p\u00e5 sofaen.<\/p>\n<p><strong>Meget robuste, bev\u00e6gelige t\u00e6pper<\/strong><br \/>\nNordic Car Lines v\u00e6vet flyttet\u00e6pper er kendt for deres exceptionelle styrke. Disse t\u00e6pper er specielt designet til optimal beskyttelse under flytning. Vi leverer endda disse flyttet\u00e6pper til certificerede flyttem\u00e6nd. Takket v\u00e6re det dobbeltsyede design er t\u00e6pperne ekstra robuste og t\u00e5ler t\u00e6sk. Det betyder, at dine m\u00f8bler og andre v\u00e6rdigenstande er sikre under transport. Derudover sikrer den kraftige syning, at t\u00e6pperne ikke rives i stykker eller slides hurtigt, selv ved intensiv brug. Uanset om du er privat flyttemand eller certificeret flyttemand, s\u00e5 leverer vi hos Nordic Car Line flyttet\u00e6pper, der lever op til de h\u00f8jeste krav til kvalitet og holdbarhed.<\/p>\n<p>De er pakket med 15 stk. pr bundt &#8211; Ring eller skriv ved st\u00f8rre m\u00e6ngder.<\/p>\n<p>Der p\u00e5l\u00e6gges fragt ved forsendelse.<\/p>\n<p><img loading=\"lazy\" decoding=\"async\" class=\"alignnone size-full wp-image-585\" src=\"https:\/\/nordiccarline.dk\/wp-content\/uploads\/2023\/10\/flytteteappe_sort.jpg\" alt=\"\" width=\"1200\" height=\"800\" \/><\/p>\n<p><img loading=\"lazy\" decoding=\"async\" class=\"alignnone size-full wp-image-586\" src=\"https:\/\/nordiccarline.dk\/wp-content\/uploads\/2023\/10\/flytteteappe_stribe.jpg\" alt=\"\" width=\"1200\" height=\"800\" \/><\/p>\n<p>&nbsp;<\/p>\n","protected":false},"excerpt":{"rendered":"<p>V\u00e6vede bev\u00e6gelige t\u00e6pper stribet r\u00f8d\/hvid\/gul &#8211; 150 x 200 cm x 1400gr Er du ved at flytte? S\u00e5 er gode v\u00e6vede flyttet\u00e6pper uundv\u00e6rlige. Disse v\u00e6vet t\u00e6pper er ideelle til at beskytte dine m\u00f8bler under en flytning. Pak dine m\u00f8bler med et v\u00e6vet flyttet\u00e6ppe eller l\u00e6g et flyttet\u00e6ppe mellem to stablede m\u00f8bler. Ved at bruge et [&hellip;]<\/p>\n","protected":false},"featured_media":587,"template":"","meta":[],"product_brand":[],"product_cat":[18],"product_tag":[],"class_list":{"0":"post-584","1":"product","2":"type-product","3":"status-publish","4":"has-post-thumbnail","6":"product_cat-taepper","8":"first","9":"instock","10":"taxable","11":"shipping-taxable","12":"purchasable","13":"product-type-simple"},"_links":{"self":[{"href":"https:\/\/nordiccarline.dk\/index.php?rest_route=\/wp\/v2\/product\/584","targetHints":{"allow":["GET"]}}],"collection":[{"href":"https:\/\/nordiccarline.dk\/index.php?rest_route=\/wp\/v2\/product"}],"about":[{"href":"https:\/\/nordiccarline.dk\/index.php?rest_route=\/wp\/v2\/types\/product"}],"wp:featuredmedia":[{"embeddable":true,"href":"https:\/\/nordiccarline.dk\/index.php?rest_route=\/wp\/v2\/media\/587"}],"wp:attachment":[{"href":"https:\/\/nordiccarline.dk\/index.php?rest_route=%2Fwp%2Fv2%2Fmedia&parent=584"}],"wp:term":[{"taxonomy":"product_brand","embeddable":true,"href":"https:\/\/nordiccarline.dk\/index.php?rest_route=%2Fwp%2Fv2%2Fproduct_brand&post=584"},{"taxonomy":"product_cat","embeddable":true,"href":"https:\/\/nordiccarline.dk\/index.php?rest_route=%2Fwp%2Fv2%2Fproduct_cat&post=584"},{"taxonomy":"product_tag","embeddable":true,"href":"https:\/\/nordiccarline.dk\/index.php?rest_route=%2Fwp%2Fv2%2Fproduct_tag&post=584"}],"curies":[{"name":"wp","href":"https:\/\/api.w.org\/{rel}","templated":true}]}}