{"id":523,"date":"2023-02-27T09:16:04","date_gmt":"2023-02-27T08:16:04","guid":{"rendered":"https:\/\/nordiccarline.dk\/?post_type=product&#038;p=523"},"modified":"2026-03-16T17:16:26","modified_gmt":"2026-03-16T16:16:26","slug":"blaa-transporthund-500x760-mm","status":"publish","type":"product","link":"https:\/\/nordiccarline.dk\/?product=blaa-transporthund-500x760-mm","title":{"rendered":"Bl\u00e5 Transporthund 500&#215;760 mm"},"content":{"rendered":"<p>Ved 5 stk. og derover, kontakt os venligst for tilbud.<\/p>\n<p>Bl\u00e5 Transporthund 500kg. Udvendige m\u00e5l: 500x760mm. Belagt med bl\u00e5 friktions dug\u00a0( PVC dug ) Fremstillet af 18mm krydsfin\u00e9r ( Birk ). Den Bl\u00e5 Transporthund er forsynet med gribehul, i siden for nem transport. 4 stk drejelige hjul i \u00d8100mm af den bedste\u00a0kvalitet der er set p\u00e5 en professionel Transporthund \/ Flyttehund \/ M\u00f8belhund i Danmark. Superelastiske\u00a0hjul, \u00d8100 mm. Kan f\u00e5s med \u00d880 mm eller \u00d8125 mm hjul,\u00a0 som skal bestilles. Belastning \/ Lasteevne\u00a0: 500kg. Denne vare er p\u00e5 lager. Ved st\u00f8rre parti ring for pris.<\/p>\n<p><strong>Bem\u00e6rk:<\/strong> Ved forsendelse bliver der p\u00e5lagt fragtgebyr.<\/p>\n","protected":false},"excerpt":{"rendered":"<p>Ved 5 stk. og derover, kontakt os venligst for tilbud. Bl\u00e5 Transporthund 500kg. Udvendige m\u00e5l: 500x760mm. Belagt med bl\u00e5 friktions dug\u00a0( PVC dug ) Fremstillet af 18mm krydsfin\u00e9r ( Birk ). Den Bl\u00e5 Transporthund er forsynet med gribehul, i siden for nem transport. 4 stk drejelige hjul i \u00d8100mm af den bedste\u00a0kvalitet der er set [&hellip;]<\/p>\n","protected":false},"featured_media":525,"template":"","meta":[],"product_brand":[],"product_cat":[24],"product_tag":[],"class_list":{"0":"post-523","1":"product","2":"type-product","3":"status-publish","4":"has-post-thumbnail","6":"product_cat-transporthunde","8":"first","9":"instock","10":"taxable","11":"shipping-taxable","12":"purchasable","13":"product-type-simple"},"_links":{"self":[{"href":"https:\/\/nordiccarline.dk\/index.php?rest_route=\/wp\/v2\/product\/523","targetHints":{"allow":["GET"]}}],"collection":[{"href":"https:\/\/nordiccarline.dk\/index.php?rest_route=\/wp\/v2\/product"}],"about":[{"href":"https:\/\/nordiccarline.dk\/index.php?rest_route=\/wp\/v2\/types\/product"}],"wp:featuredmedia":[{"embeddable":true,"href":"https:\/\/nordiccarline.dk\/index.php?rest_route=\/wp\/v2\/media\/525"}],"wp:attachment":[{"href":"https:\/\/nordiccarline.dk\/index.php?rest_route=%2Fwp%2Fv2%2Fmedia&parent=523"}],"wp:term":[{"taxonomy":"product_brand","embeddable":true,"href":"https:\/\/nordiccarline.dk\/index.php?rest_route=%2Fwp%2Fv2%2Fproduct_brand&post=523"},{"taxonomy":"product_cat","embeddable":true,"href":"https:\/\/nordiccarline.dk\/index.php?rest_route=%2Fwp%2Fv2%2Fproduct_cat&post=523"},{"taxonomy":"product_tag","embeddable":true,"href":"https:\/\/nordiccarline.dk\/index.php?rest_route=%2Fwp%2Fv2%2Fproduct_tag&post=523"}],"curies":[{"name":"wp","href":"https:\/\/api.w.org\/{rel}","templated":true}]}}