{"id":376,"date":"2020-11-05T13:13:43","date_gmt":"2020-11-05T12:13:43","guid":{"rendered":"https:\/\/nordiccarline.dk\/?post_type=product&#038;p=376"},"modified":"2021-09-06T13:16:49","modified_gmt":"2021-09-06T12:16:49","slug":"selvkoerende-pallevogn","status":"publish","type":"product","link":"https:\/\/nordiccarline.dk\/?product=selvkoerende-pallevogn","title":{"rendered":"Selvk\u00f8rende pallevogn"},"content":{"rendered":"<div class=\"product_desc_short\">\n<div class=\"product_desc_short\">\n<div class=\"product_desc_short\">\n<div class=\"product_desc_short\">\n<div class=\"product_desc_short\">\n<div class=\"product_desc_short\">\n<div>\n<div class=\"product_desc_short\">\n<div class=\"product_desc_short\">\n<div class=\"product_desc_short\">\n<div class=\"product_desc_short\">\n<div class=\"product_desc_short\">\n<p>Man\u00f8vredygtige selvk\u00f8rende pallevogn 1200 kg<\/p>\n<div dir=\"ltr\">\n<ul>\n<li>Let selvk\u00f8rende pallevogn<\/li>\n<li>Bogie polyurethan hjul<\/li>\n<li>Lithium batteri 24v \/ 15 AH &#8211; Ekstern lader<\/li>\n<li>Man\u00f8vredygtig selv hvor pladsen er trang<\/li>\n<li>Gaffell\u00e6ngde 1150 mm &#8211; Gaffelbredde 540 mm<\/li>\n<li>Monteret med Curtis Styring &#8211; Stor kapacitet<\/li>\n<li>Elektrisk l\u00f8ftefunktion<\/li>\n<li>Hurtig \/ Langsom funktion<\/li>\n<li>St\u00e6rk DC Motor &#8211; V\u00e6gt 124 kg<\/li>\n<\/ul>\n<\/div>\n<p><strong>Man\u00f8vredygtige selvk\u00f8rende pallevogn findes i 5 modeller 1200 kg &#8211; 1500 kg &#8211; 2000 kg <\/strong>foresp\u00f8rge p\u00e5 pris.<\/p>\n<div dir=\"ltr\"><\/div>\n<\/div>\n<\/div>\n<\/div>\n<div class=\"product_desc_full\">\n<div><strong>Bem\u00e6rk:<\/strong> Ved forsendelse bliver der p\u00e5lagt fragtgebyr.<\/div>\n<\/div>\n<\/div>\n<\/div>\n<\/div>\n<div><\/div>\n<\/div>\n<div class=\"product_desc_full\">\n<div><\/div>\n<\/div>\n<\/div>\n<\/div>\n<\/div>\n<\/div>\n<\/div>\n<div class=\"product_desc_full\">\n<p>&nbsp;<\/p>\n<\/div>\n","protected":false},"excerpt":{"rendered":"<p>Man\u00f8vredygtige selvk\u00f8rende pallevogn 1200 kg Let selvk\u00f8rende pallevogn Bogie polyurethan hjul Lithium batteri 24v \/ 15 AH &#8211; Ekstern lader Man\u00f8vredygtig selv hvor pladsen er trang Gaffell\u00e6ngde 1150 mm &#8211; Gaffelbredde 540 mm Monteret med Curtis Styring &#8211; Stor kapacitet Elektrisk l\u00f8ftefunktion Hurtig \/ Langsom funktion St\u00e6rk DC Motor &#8211; V\u00e6gt 124 kg Man\u00f8vredygtige selvk\u00f8rende [&hellip;]<\/p>\n","protected":false},"featured_media":377,"template":"","meta":[],"product_brand":[],"product_cat":[23],"product_tag":[],"class_list":{"0":"post-376","1":"product","2":"type-product","3":"status-publish","4":"has-post-thumbnail","6":"product_cat-saekkevogne","8":"first","9":"instock","10":"taxable","11":"shipping-taxable","12":"purchasable","13":"product-type-simple"},"_links":{"self":[{"href":"https:\/\/nordiccarline.dk\/index.php?rest_route=\/wp\/v2\/product\/376","targetHints":{"allow":["GET"]}}],"collection":[{"href":"https:\/\/nordiccarline.dk\/index.php?rest_route=\/wp\/v2\/product"}],"about":[{"href":"https:\/\/nordiccarline.dk\/index.php?rest_route=\/wp\/v2\/types\/product"}],"wp:featuredmedia":[{"embeddable":true,"href":"https:\/\/nordiccarline.dk\/index.php?rest_route=\/wp\/v2\/media\/377"}],"wp:attachment":[{"href":"https:\/\/nordiccarline.dk\/index.php?rest_route=%2Fwp%2Fv2%2Fmedia&parent=376"}],"wp:term":[{"taxonomy":"product_brand","embeddable":true,"href":"https:\/\/nordiccarline.dk\/index.php?rest_route=%2Fwp%2Fv2%2Fproduct_brand&post=376"},{"taxonomy":"product_cat","embeddable":true,"href":"https:\/\/nordiccarline.dk\/index.php?rest_route=%2Fwp%2Fv2%2Fproduct_cat&post=376"},{"taxonomy":"product_tag","embeddable":true,"href":"https:\/\/nordiccarline.dk\/index.php?rest_route=%2Fwp%2Fv2%2Fproduct_tag&post=376"}],"curies":[{"name":"wp","href":"https:\/\/api.w.org\/{rel}","templated":true}]}}