{"id":312,"date":"2019-03-29T14:22:51","date_gmt":"2019-03-29T13:22:51","guid":{"rendered":"https:\/\/nordiccarline.dk\/?post_type=product&#038;p=312"},"modified":"2026-02-26T14:20:33","modified_gmt":"2026-02-26T13:20:33","slug":"expresso-saekkevogn-med-papegoejenaeb","status":"publish","type":"product","link":"https:\/\/nordiccarline.dk\/?product=expresso-saekkevogn-med-papegoejenaeb","title":{"rendered":"Expresso s\u00e6kkevogn med papeg\u00f8je grap punkterfri hjul"},"content":{"rendered":"<p>Professionel aluminiums Expresso s\u00e6kkevogn med papeg\u00f8jen\u00e6b sikkerhedsh\u00e5ndtag og sorte luftgummihjul \u00d8260 mm. Skovlen er opklappelig.<\/p>\n<p>Type LxB<br \/>\nSkovl 4 &#8211; 400 x 500 mm<br \/>\nSkovl 5 &#8211; 300 x 305 mm<br \/>\nSkovl 8 &#8211; 400 x 350 mm<\/p>\n<p>H\u00f8jde 1300 mm<br \/>\nBredde 500 mm<br \/>\nBelastning 300 kg<\/p>\n<p><strong>Generelt om Expresso s\u00e6kkevogne<\/strong><br \/>\nAlle Expresso s\u00e6kkevogne er fremstillet i specielt designede fladovale aluminiumsprofiler i h\u00f8j-styrke aluminiums legering, der er 50% lettere end st\u00e5l. Stellet har endvidere forst\u00e6rkninger p\u00e5 de mest belastede omr\u00e5der. S\u00e6kkevognene er modulopbygget, hvilket g\u00f8r dem yderst fleksible og lette at tilpasse til dit behov. Der findes mange forskellige skovle, h\u00e5ndtag og hjul, s\u00e5 finder du ikke den Expresso s\u00e6kkevogn der har de egenskaber du leder efter, s\u00e5 ring eller send en mail og h\u00f8r om dine muligheder.<\/p>\n<p>Expresso s\u00e6kkevognene er udstyret med plastikskinner, der beskytter s\u00e6kkevognen mod slitage n\u00e5r der k\u00f8res over en kantsten eller op ad trapper. Disse plastikskinner er sat fast med klemmer, s\u00e5ledes de nemt kan udskiftes n\u00e5r de er nedslidt. N\u00e5r der fremkommer en r\u00f8d streg p\u00e5 skinnerne, er det tid til at udskifte dem.<\/p>\n<p><strong>Nr. 243 HV . Meget velegnet som H\u00e5rdhvidevares\u00e6kkevogn og til h\u00f8je genstande.<\/strong><\/p>\n<p>Alle Expresso s\u00e6kkevogne er fremstilliet i specielt designede fladovale aluminiumsprofiler i h\u00f8j-styrke aluminiums legering, der er 50% lettere end st\u00e5l. Stellet har endvidere forst\u00e6rkninger p\u00e5 de mest belastede omr\u00e5der. S\u00e6kkevognene er modulopbygget, hvilket g\u00f8r dem yderst fleksible og lette at tilpasse til dit behov. Der findes mange forskellige skovle, h\u00e5ndtag og hjul, s\u00e5 finder du ikke den Expresso s\u00e6kkevogn der har de egenskaber du leder efter, s\u00e5 ring eller send en mail og h\u00f8r om dine muligheder.<\/p>\n<p>Expresso s\u00e6kkevognene er udstyret med plastikskinner, der beskytter s\u00e6kkevognen mod slitage n\u00e5r der k\u00f8res over en kantsten eller op ad trapper. Disse plastikskinner er sat fast med klemmer, s\u00e5ledes de nemt kan udskiftes n\u00e5r de er nedslidt. N\u00e5r der fremkommer en r\u00f8d streg p\u00e5 skinnerne, er det tid til at udskifte dem.<\/p>\n<p>Alle skovlene er riflede, s\u00e5 godset st\u00e5r bedre fast. Ligeledes er skovlene pr\u00e6cisions slebne for enden, s\u00e5 de nemmere kan komme ind under godset.<br \/>\nHjulene er med lukkede kuglelejer, s\u00e5 de beh\u00f8ver ingen fedt.<br \/>\nAlle Expresso s\u00e6kkevognene kan udstyres med et reklameskilt. Hvis det \u00f8nskes mod mere pris.<\/p>\n<p>Den viste model er med skovl 5.<\/p>\n<p>Der p\u00e5l\u00e6gges fragt ved forsendelser.<\/p>\n","protected":false},"excerpt":{"rendered":"<p>Professionel aluminiums Expresso s\u00e6kkevogn med papeg\u00f8jen\u00e6b sikkerhedsh\u00e5ndtag og sorte luftgummihjul \u00d8260 mm. Skovlen er opklappelig. Type LxB Skovl 4 &#8211; 400 x 500 mm Skovl 5 &#8211; 300 x 305 mm Skovl 8 &#8211; 400 x 350 mm H\u00f8jde 1300 mm Bredde 500 mm Belastning 300 kg Generelt om Expresso s\u00e6kkevogne Alle Expresso s\u00e6kkevogne er [&hellip;]<\/p>\n","protected":false},"featured_media":805,"template":"","meta":[],"product_brand":[],"product_cat":[23],"product_tag":[],"class_list":{"0":"post-312","1":"product","2":"type-product","3":"status-publish","4":"has-post-thumbnail","6":"product_cat-saekkevogne","8":"first","9":"instock","10":"taxable","11":"shipping-taxable","12":"purchasable","13":"product-type-simple"},"_links":{"self":[{"href":"https:\/\/nordiccarline.dk\/index.php?rest_route=\/wp\/v2\/product\/312","targetHints":{"allow":["GET"]}}],"collection":[{"href":"https:\/\/nordiccarline.dk\/index.php?rest_route=\/wp\/v2\/product"}],"about":[{"href":"https:\/\/nordiccarline.dk\/index.php?rest_route=\/wp\/v2\/types\/product"}],"wp:featuredmedia":[{"embeddable":true,"href":"https:\/\/nordiccarline.dk\/index.php?rest_route=\/wp\/v2\/media\/805"}],"wp:attachment":[{"href":"https:\/\/nordiccarline.dk\/index.php?rest_route=%2Fwp%2Fv2%2Fmedia&parent=312"}],"wp:term":[{"taxonomy":"product_brand","embeddable":true,"href":"https:\/\/nordiccarline.dk\/index.php?rest_route=%2Fwp%2Fv2%2Fproduct_brand&post=312"},{"taxonomy":"product_cat","embeddable":true,"href":"https:\/\/nordiccarline.dk\/index.php?rest_route=%2Fwp%2Fv2%2Fproduct_cat&post=312"},{"taxonomy":"product_tag","embeddable":true,"href":"https:\/\/nordiccarline.dk\/index.php?rest_route=%2Fwp%2Fv2%2Fproduct_tag&post=312"}],"curies":[{"name":"wp","href":"https:\/\/api.w.org\/{rel}","templated":true}]}}