{"id":294,"date":"2019-03-25T11:50:34","date_gmt":"2019-03-25T10:50:34","guid":{"rendered":"https:\/\/nordiccarline.dk\/?post_type=product&#038;p=294"},"modified":"2026-02-26T14:20:33","modified_gmt":"2026-02-26T13:20:33","slug":"straekfilm-i-045x300m-en-rulle","status":"publish","type":"product","link":"https:\/\/nordiccarline.dk\/?product=straekfilm-i-045x300m-en-rulle","title":{"rendered":"Str\u00e6kfilm i 0,45x300m \/ En rulle"},"content":{"rendered":"<p>H\u00e5nd Str\u00e6kfilm \/ transp i 0,45 x 300m &#8211; 20u. cast.   kontakt os venligst for tilbud.<\/p>\n<p>Str\u00e6kfilm (krympefolie) bruges til at emballere paller, m\u00f8bler og andre ting der er gode at have samlet. Beskytter ogs\u00e5 mod st\u00f8v ved l\u00e6ngere tids opbevaring. Rullen er 45 cm bred og 300 meter lang.<\/p>\n<p>60 stk. H\u00e5nd Str\u00e6kfilm ( 10 Kasser ). kontakt os venligst for tilbud.<br \/>\n120 stk. H\u00e5nd Str\u00e6kfilm ( 20 Kasser ). kontakt os venligst for tilbud.<br \/>\n264 &#8211; 288 stk. H\u00e5nd Str\u00e6kfilm ( 1 palle ). kontakt os venligst for tilbud.<\/p>\n<p><strong>Bem\u00e6rk:<\/strong> Ved forsendelse bliver der p\u00e5lagt fragtgebyr.<\/p>\n","protected":false},"excerpt":{"rendered":"<p>H\u00e5nd Str\u00e6kfilm \/ transp i 0,45 x 300m &#8211; 20u. cast. kontakt os venligst for tilbud. Str\u00e6kfilm (krympefolie) bruges til at emballere paller, m\u00f8bler og andre ting der er gode at have samlet. Beskytter ogs\u00e5 mod st\u00f8v ved l\u00e6ngere tids opbevaring. Rullen er 45 cm bred og 300 meter lang. 60 stk. H\u00e5nd Str\u00e6kfilm ( [&hellip;]<\/p>\n","protected":false},"featured_media":295,"template":"","meta":[],"product_brand":[],"product_cat":[27],"product_tag":[],"class_list":{"0":"post-294","1":"product","2":"type-product","3":"status-publish","4":"has-post-thumbnail","6":"product_cat-emballage","8":"first","9":"instock","10":"taxable","11":"shipping-taxable","12":"purchasable","13":"product-type-simple"},"_links":{"self":[{"href":"https:\/\/nordiccarline.dk\/index.php?rest_route=\/wp\/v2\/product\/294","targetHints":{"allow":["GET"]}}],"collection":[{"href":"https:\/\/nordiccarline.dk\/index.php?rest_route=\/wp\/v2\/product"}],"about":[{"href":"https:\/\/nordiccarline.dk\/index.php?rest_route=\/wp\/v2\/types\/product"}],"wp:featuredmedia":[{"embeddable":true,"href":"https:\/\/nordiccarline.dk\/index.php?rest_route=\/wp\/v2\/media\/295"}],"wp:attachment":[{"href":"https:\/\/nordiccarline.dk\/index.php?rest_route=%2Fwp%2Fv2%2Fmedia&parent=294"}],"wp:term":[{"taxonomy":"product_brand","embeddable":true,"href":"https:\/\/nordiccarline.dk\/index.php?rest_route=%2Fwp%2Fv2%2Fproduct_brand&post=294"},{"taxonomy":"product_cat","embeddable":true,"href":"https:\/\/nordiccarline.dk\/index.php?rest_route=%2Fwp%2Fv2%2Fproduct_cat&post=294"},{"taxonomy":"product_tag","embeddable":true,"href":"https:\/\/nordiccarline.dk\/index.php?rest_route=%2Fwp%2Fv2%2Fproduct_tag&post=294"}],"curies":[{"name":"wp","href":"https:\/\/api.w.org\/{rel}","templated":true}]}}