{"id":293,"date":"2019-03-25T11:49:12","date_gmt":"2019-03-25T10:49:12","guid":{"rendered":"https:\/\/nordiccarline.dk\/?post_type=product&#038;p=293"},"modified":"2026-03-02T16:38:32","modified_gmt":"2026-03-02T15:38:32","slug":"indpakningspapir-60x80cm-ca-500ark","status":"publish","type":"product","link":"https:\/\/nordiccarline.dk\/?product=indpakningspapir-60x80cm-ca-500ark","title":{"rendered":"Indpakningspapir 60x80cm \/ca.500ark."},"content":{"rendered":"<p>Indpakningspapir &#8211; Aviskardus i m\u00e5l: 60&#215;80 cm. 10 kg pr. bundt. Ca. 450 til 500 stk.<\/p>\n<p>Indpakningspapir til indpakning af porcel\u00e6n og andre mindre genstande. Kommer i ark der m\u00e5ler 60 cm x 80 cm. Det betyder at der kan pakkes flere tallerkener eller andet i arket, for bedre udnyttelse af flyttekasserne. 1 pakke indpakningspapir indeholder ca. 450-500 ark (10 kg), som er rigeligt med papir til en enkelt flytning.<\/p>\n<p>25 stk. bunder Indpakningspapir. kontakt os venligst for tilbud.<br \/>\n90 stk. bunder Indpakningspapir. kontakt os venligst for tilbud.<\/p>\n<p><strong>Bem\u00e6rk:<\/strong> Ved forsendelse bliver der p\u00e5lagt fragtgebyr.<\/p>\n","protected":false},"excerpt":{"rendered":"<p>Indpakningspapir &#8211; Aviskardus i m\u00e5l: 60&#215;80 cm. 10 kg pr. bundt. Ca. 450 til 500 stk. Indpakningspapir til indpakning af porcel\u00e6n og andre mindre genstande. Kommer i ark der m\u00e5ler 60 cm x 80 cm. Det betyder at der kan pakkes flere tallerkener eller andet i arket, for bedre udnyttelse af flyttekasserne. 1 pakke indpakningspapir [&hellip;]<\/p>\n","protected":false},"featured_media":292,"template":"","meta":[],"product_brand":[],"product_cat":[27],"product_tag":[],"class_list":{"0":"post-293","1":"product","2":"type-product","3":"status-publish","4":"has-post-thumbnail","6":"product_cat-emballage","8":"first","9":"onbackorder","10":"taxable","11":"shipping-taxable","12":"purchasable","13":"product-type-simple"},"_links":{"self":[{"href":"https:\/\/nordiccarline.dk\/index.php?rest_route=\/wp\/v2\/product\/293","targetHints":{"allow":["GET"]}}],"collection":[{"href":"https:\/\/nordiccarline.dk\/index.php?rest_route=\/wp\/v2\/product"}],"about":[{"href":"https:\/\/nordiccarline.dk\/index.php?rest_route=\/wp\/v2\/types\/product"}],"wp:featuredmedia":[{"embeddable":true,"href":"https:\/\/nordiccarline.dk\/index.php?rest_route=\/wp\/v2\/media\/292"}],"wp:attachment":[{"href":"https:\/\/nordiccarline.dk\/index.php?rest_route=%2Fwp%2Fv2%2Fmedia&parent=293"}],"wp:term":[{"taxonomy":"product_brand","embeddable":true,"href":"https:\/\/nordiccarline.dk\/index.php?rest_route=%2Fwp%2Fv2%2Fproduct_brand&post=293"},{"taxonomy":"product_cat","embeddable":true,"href":"https:\/\/nordiccarline.dk\/index.php?rest_route=%2Fwp%2Fv2%2Fproduct_cat&post=293"},{"taxonomy":"product_tag","embeddable":true,"href":"https:\/\/nordiccarline.dk\/index.php?rest_route=%2Fwp%2Fv2%2Fproduct_tag&post=293"}],"curies":[{"name":"wp","href":"https:\/\/api.w.org\/{rel}","templated":true}]}}