{"id":29,"date":"2019-03-01T15:37:00","date_gmt":"2019-03-01T14:37:00","guid":{"rendered":"https:\/\/nordiccarline.dk\/?p=29"},"modified":"2025-05-22T10:30:49","modified_gmt":"2025-05-22T09:30:49","slug":"beanie","status":"publish","type":"product","link":"https:\/\/nordiccarline.dk\/?product=beanie","title":{"rendered":"Sp\u00e6ndestrop m\/kaml\u00e5s Eurogrip"},"content":{"rendered":"<div class=\"product_desc_short\">\n<p>Ved\u00a025 stk. og derover, kontakt os venligst for tilbud.<\/p>\n<\/div>\n<div class=\"product_desc_full\">\n<p>Sp\u00e6ndestrop med Kaml\u00e5s og Euro-grip. Sp\u00e6ndestrop med kaml\u00e5s i 0,3 x 3,5m med Euro-grip\/Euro-grip i 25mm b\u00e5nd\/bl\u00e5. Sp\u00e6ndestroppen med kaml\u00e5s\/Euro-grip er til at fast g\u00f8re lette ting i varerummet\/varebilen.<\/p>\n<p><strong>Bem\u00e6rk:<\/strong>\u00a0Ved forsendelse bliver der p\u00e5lagt fragtgebyr.<\/p>\n<\/div>\n","protected":false},"excerpt":{"rendered":"<p>Ved\u00a025 stk. og derover, kontakt os venligst for tilbud. Sp\u00e6ndestrop med Kaml\u00e5s og Euro-grip. Sp\u00e6ndestrop med kaml\u00e5s i 0,3 x 3,5m med Euro-grip\/Euro-grip i 25mm b\u00e5nd\/bl\u00e5. Sp\u00e6ndestroppen med kaml\u00e5s\/Euro-grip er til at fast g\u00f8re lette ting i varerummet\/varebilen. Bem\u00e6rk:\u00a0Ved forsendelse bliver der p\u00e5lagt fragtgebyr.<\/p>\n","protected":false},"featured_media":109,"template":"","meta":[],"product_brand":[],"product_cat":[16],"product_tag":[],"class_list":{"0":"post-29","1":"product","2":"type-product","3":"status-publish","4":"has-post-thumbnail","6":"product_cat-stropremme","8":"first","9":"instock","10":"taxable","11":"shipping-taxable","12":"purchasable","13":"product-type-simple"},"_links":{"self":[{"href":"https:\/\/nordiccarline.dk\/index.php?rest_route=\/wp\/v2\/product\/29","targetHints":{"allow":["GET"]}}],"collection":[{"href":"https:\/\/nordiccarline.dk\/index.php?rest_route=\/wp\/v2\/product"}],"about":[{"href":"https:\/\/nordiccarline.dk\/index.php?rest_route=\/wp\/v2\/types\/product"}],"wp:featuredmedia":[{"embeddable":true,"href":"https:\/\/nordiccarline.dk\/index.php?rest_route=\/wp\/v2\/media\/109"}],"wp:attachment":[{"href":"https:\/\/nordiccarline.dk\/index.php?rest_route=%2Fwp%2Fv2%2Fmedia&parent=29"}],"wp:term":[{"taxonomy":"product_brand","embeddable":true,"href":"https:\/\/nordiccarline.dk\/index.php?rest_route=%2Fwp%2Fv2%2Fproduct_brand&post=29"},{"taxonomy":"product_cat","embeddable":true,"href":"https:\/\/nordiccarline.dk\/index.php?rest_route=%2Fwp%2Fv2%2Fproduct_cat&post=29"},{"taxonomy":"product_tag","embeddable":true,"href":"https:\/\/nordiccarline.dk\/index.php?rest_route=%2Fwp%2Fv2%2Fproduct_tag&post=29"}],"curies":[{"name":"wp","href":"https:\/\/api.w.org\/{rel}","templated":true}]}}