{"id":280,"date":"2019-03-25T11:09:26","date_gmt":"2019-03-25T10:09:26","guid":{"rendered":"https:\/\/nordiccarline.dk\/?post_type=product&#038;p=280"},"modified":"2024-01-10T11:16:09","modified_gmt":"2024-01-10T10:16:09","slug":"spaendestrop-surring-6","status":"publish","type":"product","link":"https:\/\/nordiccarline.dk\/?product=spaendestrop-surring-6","title":{"rendered":"Sp\u00e6ndestrop\/surring"},"content":{"rendered":"<p>Basic 50ETF 2-delt | Bredd: 50mm\u00a0b\u00e5nd | Kortdel:\u00a00,5 m med E-fast beslag ( Euro-grib ) med l\u00e5s | L\u00e5ngdel:\u00a05,0 m med\u00a0E-fast beslag ( Euro-grib )\u00a0med l\u00e5s |<br \/>\nLC: 1000 daN\u00a0 Brudstyrke 2000 kg.\u00a0| Farve: Bl\u00e5<br \/>\nBasic 50mm b\u00e5nd ETF er en indvendig surring, der passer ind i kassevogn med Combi eller Universal skinne. Skrallen har et classic h\u00e5ndtag. Den lange del 5m og kortdel\u00a00,5m har E-fast med l\u00e5s til nem brug. LC 1000dan. Brudstyrke 2000kg. Alle inkluderede komponenter testes og af meget god kvalitet for at sikre en lang levetid og h\u00f8j sikkerhed. Overfladebehandling af metaldele er helt Cr 6+ fri. B\u00e5ndet er lavet af h\u00f8jstyrkepolyester med en t\u00e6t v\u00e6vestruktur, hvilket g\u00f8r surringen meget glat og slidst\u00e6rk.<\/p>\n<p>Indgangssp\u00e6ndingen (STF) er 300 daN ved STH 50 daN (Standard H\u00e5ndkraft).<br \/>\nM\u00e6rkning og design i overensstemmelse med EN 12195-2. Godk Transport \/ farlig gods.<\/p>\n<p>Ring eller skriv ved tilbud p\u00e5 st\u00f8rre m\u00e6ngde.<\/p>\n<p><strong>Bem\u00e6rk:<\/strong> Ved forsendelse bliver der p\u00e5lagt fragtgebyr.<\/p>\n","protected":false},"excerpt":{"rendered":"<p>Basic 50ETF 2-delt | Bredd: 50mm\u00a0b\u00e5nd | Kortdel:\u00a00,5 m med E-fast beslag ( Euro-grib ) med l\u00e5s | L\u00e5ngdel:\u00a05,0 m med\u00a0E-fast beslag ( Euro-grib )\u00a0med l\u00e5s | LC: 1000 daN\u00a0 Brudstyrke 2000 kg.\u00a0| Farve: Bl\u00e5 Basic 50mm b\u00e5nd ETF er en indvendig surring, der passer ind i kassevogn med Combi eller Universal skinne. Skrallen har [&hellip;]<\/p>\n","protected":false},"featured_media":437,"template":"","meta":[],"product_brand":[],"product_cat":[26],"product_tag":[],"class_list":{"0":"post-280","1":"product","2":"type-product","3":"status-publish","4":"has-post-thumbnail","6":"product_cat-surringer","8":"first","9":"instock","10":"taxable","11":"shipping-taxable","12":"purchasable","13":"product-type-simple"},"_links":{"self":[{"href":"https:\/\/nordiccarline.dk\/index.php?rest_route=\/wp\/v2\/product\/280","targetHints":{"allow":["GET"]}}],"collection":[{"href":"https:\/\/nordiccarline.dk\/index.php?rest_route=\/wp\/v2\/product"}],"about":[{"href":"https:\/\/nordiccarline.dk\/index.php?rest_route=\/wp\/v2\/types\/product"}],"wp:featuredmedia":[{"embeddable":true,"href":"https:\/\/nordiccarline.dk\/index.php?rest_route=\/wp\/v2\/media\/437"}],"wp:attachment":[{"href":"https:\/\/nordiccarline.dk\/index.php?rest_route=%2Fwp%2Fv2%2Fmedia&parent=280"}],"wp:term":[{"taxonomy":"product_brand","embeddable":true,"href":"https:\/\/nordiccarline.dk\/index.php?rest_route=%2Fwp%2Fv2%2Fproduct_brand&post=280"},{"taxonomy":"product_cat","embeddable":true,"href":"https:\/\/nordiccarline.dk\/index.php?rest_route=%2Fwp%2Fv2%2Fproduct_cat&post=280"},{"taxonomy":"product_tag","embeddable":true,"href":"https:\/\/nordiccarline.dk\/index.php?rest_route=%2Fwp%2Fv2%2Fproduct_tag&post=280"}],"curies":[{"name":"wp","href":"https:\/\/api.w.org\/{rel}","templated":true}]}}