{"id":276,"date":"2019-03-25T11:01:51","date_gmt":"2019-03-25T10:01:51","guid":{"rendered":"https:\/\/nordiccarline.dk\/?post_type=product&#038;p=276"},"modified":"2022-09-19T08:26:15","modified_gmt":"2022-09-19T07:26:15","slug":"premium-25mm-rollo-kopier","status":"publish","type":"product","link":"https:\/\/nordiccarline.dk\/?product=premium-25mm-rollo-kopier","title":{"rendered":"Premium 50mm Rollo"},"content":{"rendered":"<p>L\u00e6ngde 3,26m er en automatisk selvoprullende enhed ( som en sikkerhedssele ) for lettere transport. Surringen leveres med dobbelt krog. Alle inkluderede komponenter testes og af meget god kvalitet for at sikre en lang levetid og h\u00f8j sikkerhed. Overfladebehandling af metaldele er helt Cr 6+ fri. Remmen er lavet af h\u00f8jstyrkepolyester med en t\u00e6t v\u00e6vestruktur, hvilket g\u00f8r lashing meget glat og slidst\u00e6rk.<\/p>\n<p>M\u00e6rkning og design i overensstemmelse med EN 12195-2. Godk. Transport \/ farlig gods. LC:600daN. Brudstyrke 1200kg.<\/p>\n<p><strong>Bem\u00e6rk:<\/strong> Ved forsendelse bliver der p\u00e5lagt fragtgebyr.<\/p>\n","protected":false},"excerpt":{"rendered":"<p>L\u00e6ngde 3,26m er en automatisk selvoprullende enhed ( som en sikkerhedssele ) for lettere transport. Surringen leveres med dobbelt krog. Alle inkluderede komponenter testes og af meget god kvalitet for at sikre en lang levetid og h\u00f8j sikkerhed. Overfladebehandling af metaldele er helt Cr 6+ fri. Remmen er lavet af h\u00f8jstyrkepolyester med en t\u00e6t v\u00e6vestruktur, [&hellip;]<\/p>\n","protected":false},"featured_media":277,"template":"","meta":[],"product_brand":[],"product_cat":[26],"product_tag":[],"class_list":{"0":"post-276","1":"product","2":"type-product","3":"status-publish","4":"has-post-thumbnail","6":"product_cat-surringer","8":"first","9":"instock","10":"taxable","11":"shipping-taxable","12":"purchasable","13":"product-type-simple"},"_links":{"self":[{"href":"https:\/\/nordiccarline.dk\/index.php?rest_route=\/wp\/v2\/product\/276","targetHints":{"allow":["GET"]}}],"collection":[{"href":"https:\/\/nordiccarline.dk\/index.php?rest_route=\/wp\/v2\/product"}],"about":[{"href":"https:\/\/nordiccarline.dk\/index.php?rest_route=\/wp\/v2\/types\/product"}],"wp:featuredmedia":[{"embeddable":true,"href":"https:\/\/nordiccarline.dk\/index.php?rest_route=\/wp\/v2\/media\/277"}],"wp:attachment":[{"href":"https:\/\/nordiccarline.dk\/index.php?rest_route=%2Fwp%2Fv2%2Fmedia&parent=276"}],"wp:term":[{"taxonomy":"product_brand","embeddable":true,"href":"https:\/\/nordiccarline.dk\/index.php?rest_route=%2Fwp%2Fv2%2Fproduct_brand&post=276"},{"taxonomy":"product_cat","embeddable":true,"href":"https:\/\/nordiccarline.dk\/index.php?rest_route=%2Fwp%2Fv2%2Fproduct_cat&post=276"},{"taxonomy":"product_tag","embeddable":true,"href":"https:\/\/nordiccarline.dk\/index.php?rest_route=%2Fwp%2Fv2%2Fproduct_tag&post=276"}],"curies":[{"name":"wp","href":"https:\/\/api.w.org\/{rel}","templated":true}]}}