{"id":274,"date":"2019-03-25T11:00:17","date_gmt":"2019-03-25T10:00:17","guid":{"rendered":"https:\/\/nordiccarline.dk\/?post_type=product&#038;p=274"},"modified":"2025-10-29T11:57:40","modified_gmt":"2025-10-29T10:57:40","slug":"premium-25mm-rollo","status":"publish","type":"product","link":"https:\/\/nordiccarline.dk\/?product=premium-25mm-rollo","title":{"rendered":"Premium 25mm Rollo"},"content":{"rendered":"<p>L\u00e6ngde 3m er en automatisk selvoprullende enhed ( som en sikkerhedssele ) for lettere transport. Surringen leveres med plastik S-krog med l\u00e5s. Alle inkluderede komponenter testes og af meget god kvalitet for at sikre en lang levetid og h\u00f8j sikkerhed. Overfladebehandling af metaldele er helt Cr 6+ fri. Remmen er lavet af h\u00f8jstyrkepolyester med en t\u00e6t v\u00e6vestruktur, hvilket g\u00f8r lashing meget glat og slidst\u00e6rk.<\/p>\n<p>Indgangssp\u00e6ndingen (STF) er 120 daN ved STH 50 daN (Standard H\u00e5ndkraft).<br \/>\nM\u00e6rkning og design i overensstemmelse med EN 12195-2. Godk. Transport \/ farlig gods. LC:250daN. Brudstyrke 500kg.<\/p>\n<p><strong>Bem\u00e6rk:<\/strong> Ved forsendelse bliver der p\u00e5lagt fragtgebyr.<\/p>\n","protected":false},"excerpt":{"rendered":"<p>L\u00e6ngde 3m er en automatisk selvoprullende enhed ( som en sikkerhedssele ) for lettere transport. Surringen leveres med plastik S-krog med l\u00e5s. Alle inkluderede komponenter testes og af meget god kvalitet for at sikre en lang levetid og h\u00f8j sikkerhed. Overfladebehandling af metaldele er helt Cr 6+ fri. Remmen er lavet af h\u00f8jstyrkepolyester med en [&hellip;]<\/p>\n","protected":false},"featured_media":275,"template":"","meta":[],"product_brand":[],"product_cat":[26],"product_tag":[],"class_list":{"0":"post-274","1":"product","2":"type-product","3":"status-publish","4":"has-post-thumbnail","6":"product_cat-surringer","8":"first","9":"instock","10":"taxable","11":"shipping-taxable","12":"purchasable","13":"product-type-simple"},"_links":{"self":[{"href":"https:\/\/nordiccarline.dk\/index.php?rest_route=\/wp\/v2\/product\/274","targetHints":{"allow":["GET"]}}],"collection":[{"href":"https:\/\/nordiccarline.dk\/index.php?rest_route=\/wp\/v2\/product"}],"about":[{"href":"https:\/\/nordiccarline.dk\/index.php?rest_route=\/wp\/v2\/types\/product"}],"wp:featuredmedia":[{"embeddable":true,"href":"https:\/\/nordiccarline.dk\/index.php?rest_route=\/wp\/v2\/media\/275"}],"wp:attachment":[{"href":"https:\/\/nordiccarline.dk\/index.php?rest_route=%2Fwp%2Fv2%2Fmedia&parent=274"}],"wp:term":[{"taxonomy":"product_brand","embeddable":true,"href":"https:\/\/nordiccarline.dk\/index.php?rest_route=%2Fwp%2Fv2%2Fproduct_brand&post=274"},{"taxonomy":"product_cat","embeddable":true,"href":"https:\/\/nordiccarline.dk\/index.php?rest_route=%2Fwp%2Fv2%2Fproduct_cat&post=274"},{"taxonomy":"product_tag","embeddable":true,"href":"https:\/\/nordiccarline.dk\/index.php?rest_route=%2Fwp%2Fv2%2Fproduct_tag&post=274"}],"curies":[{"name":"wp","href":"https:\/\/api.w.org\/{rel}","templated":true}]}}