{"id":272,"date":"2019-03-25T10:58:50","date_gmt":"2019-03-25T09:58:50","guid":{"rendered":"https:\/\/nordiccarline.dk\/?post_type=product&#038;p=272"},"modified":"2022-04-22T08:38:37","modified_gmt":"2022-04-22T07:38:37","slug":"spaendestrop-surring-5","status":"publish","type":"product","link":"https:\/\/nordiccarline.dk\/?product=spaendestrop-surring-5","title":{"rendered":"Sp\u00e6ndestrop\/surring"},"content":{"rendered":"<p>m\/opstram krog.<br \/>\nVed 25 stk. og derover, kontakt os venligst for tilbud.<\/p>\n<p>Orange sp\u00e6ndeb\u00e5nd \/ surring med skralle og krog i 0,5-4,5m. b\u00e5ndbrede 35mm.<br \/>\n5000kg brudstyrke 2500kg. Godk. Transport.  <\/p>\n<p><strong>Bem\u00e6rk:<\/strong> Ved forsendelse bliver der p\u00e5lagt fragtgebyr.<\/p>\n","protected":false},"excerpt":{"rendered":"<p>m\/opstram krog. Ved 25 stk. og derover, kontakt os venligst for tilbud. Orange sp\u00e6ndeb\u00e5nd \/ surring med skralle og krog i 0,5-4,5m. b\u00e5ndbrede 35mm. 5000kg brudstyrke 2500kg. Godk. Transport. Bem\u00e6rk: Ved forsendelse bliver der p\u00e5lagt fragtgebyr.<\/p>\n","protected":false},"featured_media":273,"template":"","meta":[],"product_brand":[],"product_cat":[26],"product_tag":[],"class_list":{"0":"post-272","1":"product","2":"type-product","3":"status-publish","4":"has-post-thumbnail","6":"product_cat-surringer","8":"first","9":"instock","10":"taxable","11":"shipping-taxable","12":"purchasable","13":"product-type-simple"},"_links":{"self":[{"href":"https:\/\/nordiccarline.dk\/index.php?rest_route=\/wp\/v2\/product\/272","targetHints":{"allow":["GET"]}}],"collection":[{"href":"https:\/\/nordiccarline.dk\/index.php?rest_route=\/wp\/v2\/product"}],"about":[{"href":"https:\/\/nordiccarline.dk\/index.php?rest_route=\/wp\/v2\/types\/product"}],"wp:featuredmedia":[{"embeddable":true,"href":"https:\/\/nordiccarline.dk\/index.php?rest_route=\/wp\/v2\/media\/273"}],"wp:attachment":[{"href":"https:\/\/nordiccarline.dk\/index.php?rest_route=%2Fwp%2Fv2%2Fmedia&parent=272"}],"wp:term":[{"taxonomy":"product_brand","embeddable":true,"href":"https:\/\/nordiccarline.dk\/index.php?rest_route=%2Fwp%2Fv2%2Fproduct_brand&post=272"},{"taxonomy":"product_cat","embeddable":true,"href":"https:\/\/nordiccarline.dk\/index.php?rest_route=%2Fwp%2Fv2%2Fproduct_cat&post=272"},{"taxonomy":"product_tag","embeddable":true,"href":"https:\/\/nordiccarline.dk\/index.php?rest_route=%2Fwp%2Fv2%2Fproduct_tag&post=272"}],"curies":[{"name":"wp","href":"https:\/\/api.w.org\/{rel}","templated":true}]}}