{"id":266,"date":"2019-03-25T10:55:14","date_gmt":"2019-03-25T09:55:14","guid":{"rendered":"https:\/\/nordiccarline.dk\/?post_type=product&#038;p=266"},"modified":"2022-04-22T08:39:41","modified_gmt":"2022-04-22T07:39:41","slug":"surring-selvopspaendene-2","status":"publish","type":"product","link":"https:\/\/nordiccarline.dk\/?product=surring-selvopspaendene-2","title":{"rendered":"Surring Selvopsp\u00e6ndene"},"content":{"rendered":"<p>Selvopsp\u00e6ndene surring \/ sp\u00e6ndeb\u00e5nd sort \/ skralle og krog.<\/p>\n<p><strong>Nyhed i DK.<\/strong><\/p>\n<p>Spar tid med automatisk oprullinge af sp\u00e6ndeb\u00e5nd m\/opstrammer og krog<br \/>\ntil let og mellemstore belastning, pakker og gods, b\u00e5ndbrede 25mm, l\u00e6ngde 3,0m, brudstyrke 1000\/500kg. Denne nyhed best\u00e5r kun af en enhed, og virker ligesom en sikkerhedssele. Surring \/ sp\u00e6ndeb\u00e5nd i forkellige udgaver som f\u00f8lger EN12951\/2. Fremstillet af st\u00e6rkt polyester, som er impr\u00e6gneret for at modst\u00e5 vind og vejr.  Godk. Transport og farlig gods.<\/p>\n<p>Ved 24stk og derovre ring om pris.   <\/p>\n<p><strong>Bem\u00e6rk:<\/strong> Ved forsendelse bliver der p\u00e5lagt fragtgebyr.<\/p>\n","protected":false},"excerpt":{"rendered":"<p>Selvopsp\u00e6ndene surring \/ sp\u00e6ndeb\u00e5nd sort \/ skralle og krog. Nyhed i DK. Spar tid med automatisk oprullinge af sp\u00e6ndeb\u00e5nd m\/opstrammer og krog til let og mellemstore belastning, pakker og gods, b\u00e5ndbrede 25mm, l\u00e6ngde 3,0m, brudstyrke 1000\/500kg. Denne nyhed best\u00e5r kun af en enhed, og virker ligesom en sikkerhedssele. Surring \/ sp\u00e6ndeb\u00e5nd i forkellige udgaver som [&hellip;]<\/p>\n","protected":false},"featured_media":267,"template":"","meta":[],"product_brand":[],"product_cat":[26],"product_tag":[],"class_list":{"0":"post-266","1":"product","2":"type-product","3":"status-publish","4":"has-post-thumbnail","6":"product_cat-surringer","8":"first","9":"instock","10":"taxable","11":"shipping-taxable","12":"purchasable","13":"product-type-simple"},"_links":{"self":[{"href":"https:\/\/nordiccarline.dk\/index.php?rest_route=\/wp\/v2\/product\/266","targetHints":{"allow":["GET"]}}],"collection":[{"href":"https:\/\/nordiccarline.dk\/index.php?rest_route=\/wp\/v2\/product"}],"about":[{"href":"https:\/\/nordiccarline.dk\/index.php?rest_route=\/wp\/v2\/types\/product"}],"wp:featuredmedia":[{"embeddable":true,"href":"https:\/\/nordiccarline.dk\/index.php?rest_route=\/wp\/v2\/media\/267"}],"wp:attachment":[{"href":"https:\/\/nordiccarline.dk\/index.php?rest_route=%2Fwp%2Fv2%2Fmedia&parent=266"}],"wp:term":[{"taxonomy":"product_brand","embeddable":true,"href":"https:\/\/nordiccarline.dk\/index.php?rest_route=%2Fwp%2Fv2%2Fproduct_brand&post=266"},{"taxonomy":"product_cat","embeddable":true,"href":"https:\/\/nordiccarline.dk\/index.php?rest_route=%2Fwp%2Fv2%2Fproduct_cat&post=266"},{"taxonomy":"product_tag","embeddable":true,"href":"https:\/\/nordiccarline.dk\/index.php?rest_route=%2Fwp%2Fv2%2Fproduct_tag&post=266"}],"curies":[{"name":"wp","href":"https:\/\/api.w.org\/{rel}","templated":true}]}}