{"id":256,"date":"2019-03-25T10:47:44","date_gmt":"2019-03-25T09:47:44","guid":{"rendered":"https:\/\/nordiccarline.dk\/?post_type=product&#038;p=256"},"modified":"2022-04-22T08:37:42","modified_gmt":"2022-04-22T07:37:42","slug":"spaendestrop-surring","status":"publish","type":"product","link":"https:\/\/nordiccarline.dk\/?product=spaendestrop-surring","title":{"rendered":"Sp\u00e6ndestrop\/Surring"},"content":{"rendered":"<p>Sort Sp\u00e6ndestrop\/Surring Euro-grib\/E-fast med indl\u00e6g.<\/p>\n<p>m\/opstram krog.<br \/>\nVed 25 stk. og derover, kontakt os venligst for tilbud.<\/p>\n<p>Sort sp\u00e6ndeb\u00e5nd \/ surring med skralle og Euro-grib + indl\u00e6g i 0,4-4,6m.Surring B\u00e5ndbrede 25mm. 1200kg brudstyrke 800kg. Surring \/ sp\u00e6ndeb\u00e5nd i forkellige udgaver som f\u00f8lger EN12951\/2. Fremstillet af st\u00e6rkt polyester, som er impr\u00e6gneret for at modst\u00e5 vind og vejr. Godk. Transport.<\/p>\n<p><strong>Bem\u00e6rk:<\/strong> Ved forsendelse bliver der p\u00e5lagt fragtgebyr.<\/p>\n","protected":false},"excerpt":{"rendered":"<p>Sort Sp\u00e6ndestrop\/Surring Euro-grib\/E-fast med indl\u00e6g. m\/opstram krog. Ved 25 stk. og derover, kontakt os venligst for tilbud. Sort sp\u00e6ndeb\u00e5nd \/ surring med skralle og Euro-grib + indl\u00e6g i 0,4-4,6m.Surring B\u00e5ndbrede 25mm. 1200kg brudstyrke 800kg. Surring \/ sp\u00e6ndeb\u00e5nd i forkellige udgaver som f\u00f8lger EN12951\/2. Fremstillet af st\u00e6rkt polyester, som er impr\u00e6gneret for at modst\u00e5 vind og [&hellip;]<\/p>\n","protected":false},"featured_media":257,"template":"","meta":[],"product_brand":[],"product_cat":[26],"product_tag":[],"class_list":{"0":"post-256","1":"product","2":"type-product","3":"status-publish","4":"has-post-thumbnail","6":"product_cat-surringer","8":"first","9":"instock","10":"taxable","11":"shipping-taxable","12":"purchasable","13":"product-type-simple"},"_links":{"self":[{"href":"https:\/\/nordiccarline.dk\/index.php?rest_route=\/wp\/v2\/product\/256","targetHints":{"allow":["GET"]}}],"collection":[{"href":"https:\/\/nordiccarline.dk\/index.php?rest_route=\/wp\/v2\/product"}],"about":[{"href":"https:\/\/nordiccarline.dk\/index.php?rest_route=\/wp\/v2\/types\/product"}],"wp:featuredmedia":[{"embeddable":true,"href":"https:\/\/nordiccarline.dk\/index.php?rest_route=\/wp\/v2\/media\/257"}],"wp:attachment":[{"href":"https:\/\/nordiccarline.dk\/index.php?rest_route=%2Fwp%2Fv2%2Fmedia&parent=256"}],"wp:term":[{"taxonomy":"product_brand","embeddable":true,"href":"https:\/\/nordiccarline.dk\/index.php?rest_route=%2Fwp%2Fv2%2Fproduct_brand&post=256"},{"taxonomy":"product_cat","embeddable":true,"href":"https:\/\/nordiccarline.dk\/index.php?rest_route=%2Fwp%2Fv2%2Fproduct_cat&post=256"},{"taxonomy":"product_tag","embeddable":true,"href":"https:\/\/nordiccarline.dk\/index.php?rest_route=%2Fwp%2Fv2%2Fproduct_tag&post=256"}],"curies":[{"name":"wp","href":"https:\/\/api.w.org\/{rel}","templated":true}]}}