{"id":254,"date":"2019-03-25T10:41:22","date_gmt":"2019-03-25T09:41:22","guid":{"rendered":"https:\/\/nordiccarline.dk\/?post_type=product&#038;p=254"},"modified":"2022-09-19T08:26:01","modified_gmt":"2022-09-19T07:26:01","slug":"orange-spaendebaand-surring-med-skralle","status":"publish","type":"product","link":"https:\/\/nordiccarline.dk\/?product=orange-spaendebaand-surring-med-skralle","title":{"rendered":"Orange sp\u00e6ndeb\u00e5nd \/ surring med skralle"},"content":{"rendered":"<p>Orange sp\u00e6ndeb\u00e5nd \/ surring med skralle 2-delt og dobbelt krog i 0,3-4,7m. B\u00e5ndbrede 25mm. 1500kg brudstyrke. LC: 750daN.  Surring \/ sp\u00e6ndeb\u00e5nd i forkellige udgaver som f\u00f8lger SS-EN12195-2. Med Ergo h\u00e5ndtag p\u00e5 skrallen. Top model. Fremstillet af st\u00e6rkt polyester, som er impr\u00e6gneret for at modst\u00e5 vind og vejr, og kan klare op til 1500kg brudstyrke. Godk. Transport. <\/p>\n<p>Ved 25 stk. og derover kontakt os for tilbud.<\/p>\n<p><strong>Bem\u00e6rk:<\/strong> Ved forsendelse bliver der p\u00e5lagt fragtgebyr.<\/p>\n","protected":false},"excerpt":{"rendered":"<p>Orange sp\u00e6ndeb\u00e5nd \/ surring med skralle 2-delt og dobbelt krog i 0,3-4,7m. B\u00e5ndbrede 25mm. 1500kg brudstyrke. LC: 750daN. Surring \/ sp\u00e6ndeb\u00e5nd i forkellige udgaver som f\u00f8lger SS-EN12195-2. Med Ergo h\u00e5ndtag p\u00e5 skrallen. Top model. Fremstillet af st\u00e6rkt polyester, som er impr\u00e6gneret for at modst\u00e5 vind og vejr, og kan klare op til 1500kg brudstyrke. Godk. [&hellip;]<\/p>\n","protected":false},"featured_media":255,"template":"","meta":[],"product_brand":[],"product_cat":[26],"product_tag":[],"class_list":{"0":"post-254","1":"product","2":"type-product","3":"status-publish","4":"has-post-thumbnail","6":"product_cat-surringer","8":"first","9":"instock","10":"taxable","11":"shipping-taxable","12":"purchasable","13":"product-type-simple"},"_links":{"self":[{"href":"https:\/\/nordiccarline.dk\/index.php?rest_route=\/wp\/v2\/product\/254","targetHints":{"allow":["GET"]}}],"collection":[{"href":"https:\/\/nordiccarline.dk\/index.php?rest_route=\/wp\/v2\/product"}],"about":[{"href":"https:\/\/nordiccarline.dk\/index.php?rest_route=\/wp\/v2\/types\/product"}],"wp:featuredmedia":[{"embeddable":true,"href":"https:\/\/nordiccarline.dk\/index.php?rest_route=\/wp\/v2\/media\/255"}],"wp:attachment":[{"href":"https:\/\/nordiccarline.dk\/index.php?rest_route=%2Fwp%2Fv2%2Fmedia&parent=254"}],"wp:term":[{"taxonomy":"product_brand","embeddable":true,"href":"https:\/\/nordiccarline.dk\/index.php?rest_route=%2Fwp%2Fv2%2Fproduct_brand&post=254"},{"taxonomy":"product_cat","embeddable":true,"href":"https:\/\/nordiccarline.dk\/index.php?rest_route=%2Fwp%2Fv2%2Fproduct_cat&post=254"},{"taxonomy":"product_tag","embeddable":true,"href":"https:\/\/nordiccarline.dk\/index.php?rest_route=%2Fwp%2Fv2%2Fproduct_tag&post=254"}],"curies":[{"name":"wp","href":"https:\/\/api.w.org\/{rel}","templated":true}]}}