{"id":242,"date":"2019-03-25T10:23:33","date_gmt":"2019-03-25T09:23:33","guid":{"rendered":"https:\/\/nordiccarline.dk\/?post_type=product&#038;p=242"},"modified":"2023-10-09T11:22:35","modified_gmt":"2023-10-09T10:22:35","slug":"flytteseler-baandbaereseler-e","status":"publish","type":"product","link":"https:\/\/nordiccarline.dk\/?product=flytteseler-baandbaereseler-e","title":{"rendered":"Flytteseler \/ B\u00e5ndb\u00e6reseler (E)"},"content":{"rendered":"<p>Flytteseler\/B\u00e6reseler Model E \/ Flyttemandsseler. Flytteseler\/B\u00e6reseler Model E i 75mm hvidt b\u00e5nd med ryg\/l\u00e6nd st\u00f8tte. Med b\u00e5nd til. Flytteselen Model E kan justeres foran i brystet s\u00e5 den kommer til at sidde perfekt. Kroge og stropper kan tilk\u00f8bes. Flyttesele 1 s\u00e6t til to m\u00e6nd\/Flyttem\u00e6nd.<\/p>\n<p><strong>Bem\u00e6rk:<\/strong> Ved forsendelse bliver der p\u00e5lagt fragtgebyr.<\/p>\n","protected":false},"excerpt":{"rendered":"<p>Flytteseler\/B\u00e6reseler Model E \/ Flyttemandsseler. Flytteseler\/B\u00e6reseler Model E i 75mm hvidt b\u00e5nd med ryg\/l\u00e6nd st\u00f8tte. Med b\u00e5nd til. Flytteselen Model E kan justeres foran i brystet s\u00e5 den kommer til at sidde perfekt. Kroge og stropper kan tilk\u00f8bes. Flyttesele 1 s\u00e6t til to m\u00e6nd\/Flyttem\u00e6nd. Bem\u00e6rk: Ved forsendelse bliver der p\u00e5lagt fragtgebyr.<\/p>\n","protected":false},"featured_media":243,"template":"","meta":[],"product_brand":[],"product_cat":[25],"product_tag":[],"class_list":{"0":"post-242","1":"product","2":"type-product","3":"status-publish","4":"has-post-thumbnail","6":"product_cat-flytte-og-baereseler","8":"first","9":"instock","10":"taxable","11":"shipping-taxable","12":"purchasable","13":"product-type-simple"},"_links":{"self":[{"href":"https:\/\/nordiccarline.dk\/index.php?rest_route=\/wp\/v2\/product\/242","targetHints":{"allow":["GET"]}}],"collection":[{"href":"https:\/\/nordiccarline.dk\/index.php?rest_route=\/wp\/v2\/product"}],"about":[{"href":"https:\/\/nordiccarline.dk\/index.php?rest_route=\/wp\/v2\/types\/product"}],"wp:featuredmedia":[{"embeddable":true,"href":"https:\/\/nordiccarline.dk\/index.php?rest_route=\/wp\/v2\/media\/243"}],"wp:attachment":[{"href":"https:\/\/nordiccarline.dk\/index.php?rest_route=%2Fwp%2Fv2%2Fmedia&parent=242"}],"wp:term":[{"taxonomy":"product_brand","embeddable":true,"href":"https:\/\/nordiccarline.dk\/index.php?rest_route=%2Fwp%2Fv2%2Fproduct_brand&post=242"},{"taxonomy":"product_cat","embeddable":true,"href":"https:\/\/nordiccarline.dk\/index.php?rest_route=%2Fwp%2Fv2%2Fproduct_cat&post=242"},{"taxonomy":"product_tag","embeddable":true,"href":"https:\/\/nordiccarline.dk\/index.php?rest_route=%2Fwp%2Fv2%2Fproduct_tag&post=242"}],"curies":[{"name":"wp","href":"https:\/\/api.w.org\/{rel}","templated":true}]}}