{"id":230,"date":"2019-03-25T10:13:37","date_gmt":"2019-03-25T09:13:37","guid":{"rendered":"https:\/\/nordiccarline.dk\/?post_type=product&#038;p=230"},"modified":"2026-02-06T08:23:48","modified_gmt":"2026-02-06T07:23:48","slug":"bundgjord-flyttemaatte","status":"publish","type":"product","link":"https:\/\/nordiccarline.dk\/?product=bundgjord-flyttemaatte","title":{"rendered":"Bundgjord \/ Flyttem\u00e5tte"},"content":{"rendered":"<p>Flyttem\u00e5tte \/ Bundgjord. Flyttem\u00e5tte er til at b\u00e6re tunge ting sammen med Flytteseler, som klaver \/ k\u00f8leskabe \/ Skabe \/ Borde osv. Flyttem\u00e5tten er 1,7m x 300mm. Flyttem\u00e5tten bruges sammen med Flyttemandsselen ( Flyttesele \/ B\u00e6resele ). ( Flytteudstyr ).<\/p>\n<p><strong>Bem\u00e6rk:<\/strong> Ved forsendelse bliver der p\u00e5lagt fragtgebyr.<\/p>\n","protected":false},"excerpt":{"rendered":"<p>Flyttem\u00e5tte \/ Bundgjord. Flyttem\u00e5tte er til at b\u00e6re tunge ting sammen med Flytteseler, som klaver \/ k\u00f8leskabe \/ Skabe \/ Borde osv. Flyttem\u00e5tten er 1,7m x 300mm. Flyttem\u00e5tten bruges sammen med Flyttemandsselen ( Flyttesele \/ B\u00e6resele ). ( Flytteudstyr ). Bem\u00e6rk: Ved forsendelse bliver der p\u00e5lagt fragtgebyr.<\/p>\n","protected":false},"featured_media":231,"template":"","meta":[],"product_brand":[],"product_cat":[25],"product_tag":[],"class_list":{"0":"post-230","1":"product","2":"type-product","3":"status-publish","4":"has-post-thumbnail","6":"product_cat-flytte-og-baereseler","8":"first","9":"instock","10":"taxable","11":"shipping-taxable","12":"purchasable","13":"product-type-simple"},"_links":{"self":[{"href":"https:\/\/nordiccarline.dk\/index.php?rest_route=\/wp\/v2\/product\/230","targetHints":{"allow":["GET"]}}],"collection":[{"href":"https:\/\/nordiccarline.dk\/index.php?rest_route=\/wp\/v2\/product"}],"about":[{"href":"https:\/\/nordiccarline.dk\/index.php?rest_route=\/wp\/v2\/types\/product"}],"wp:featuredmedia":[{"embeddable":true,"href":"https:\/\/nordiccarline.dk\/index.php?rest_route=\/wp\/v2\/media\/231"}],"wp:attachment":[{"href":"https:\/\/nordiccarline.dk\/index.php?rest_route=%2Fwp%2Fv2%2Fmedia&parent=230"}],"wp:term":[{"taxonomy":"product_brand","embeddable":true,"href":"https:\/\/nordiccarline.dk\/index.php?rest_route=%2Fwp%2Fv2%2Fproduct_brand&post=230"},{"taxonomy":"product_cat","embeddable":true,"href":"https:\/\/nordiccarline.dk\/index.php?rest_route=%2Fwp%2Fv2%2Fproduct_cat&post=230"},{"taxonomy":"product_tag","embeddable":true,"href":"https:\/\/nordiccarline.dk\/index.php?rest_route=%2Fwp%2Fv2%2Fproduct_tag&post=230"}],"curies":[{"name":"wp","href":"https:\/\/api.w.org\/{rel}","templated":true}]}}