{"id":226,"date":"2019-03-25T10:11:25","date_gmt":"2019-03-25T09:11:25","guid":{"rendered":"https:\/\/nordiccarline.dk\/?post_type=product&#038;p=226"},"modified":"2023-03-24T08:12:40","modified_gmt":"2023-03-24T07:12:40","slug":"loese-stropper-til-flytteseler","status":"publish","type":"product","link":"https:\/\/nordiccarline.dk\/?product=loese-stropper-til-flytteseler","title":{"rendered":"L\u00f8se Stropper til Flytteseler"},"content":{"rendered":"<p>Kraftig Hvide l\u00f8se stropper til flytteseler\/flyttemandsseler.<\/p>\n<p>Kraftig hvide l\u00f8se stropper i 25mm soft polyesterb\u00e5nd til Flytteseler &#8211; Flyttemandsseler &#8211; B\u00e6reseler<\/p>\n<p>Der bruges 4 stk. til et s\u00e6t flytteseler.<\/p>\n<p><strong>Bem\u00e6rk:<\/strong> Ved forsendelse bliver der p\u00e5lagt fragtgebyr.<\/p>\n","protected":false},"excerpt":{"rendered":"<p>Kraftig Hvide l\u00f8se stropper til flytteseler\/flyttemandsseler. Kraftig hvide l\u00f8se stropper i 25mm soft polyesterb\u00e5nd til Flytteseler &#8211; Flyttemandsseler &#8211; B\u00e6reseler Der bruges 4 stk. til et s\u00e6t flytteseler. Bem\u00e6rk: Ved forsendelse bliver der p\u00e5lagt fragtgebyr.<\/p>\n","protected":false},"featured_media":227,"template":"","meta":[],"product_brand":[],"product_cat":[25],"product_tag":[],"class_list":{"0":"post-226","1":"product","2":"type-product","3":"status-publish","4":"has-post-thumbnail","6":"product_cat-flytte-og-baereseler","8":"first","9":"instock","10":"taxable","11":"shipping-taxable","12":"purchasable","13":"product-type-simple"},"_links":{"self":[{"href":"https:\/\/nordiccarline.dk\/index.php?rest_route=\/wp\/v2\/product\/226","targetHints":{"allow":["GET"]}}],"collection":[{"href":"https:\/\/nordiccarline.dk\/index.php?rest_route=\/wp\/v2\/product"}],"about":[{"href":"https:\/\/nordiccarline.dk\/index.php?rest_route=\/wp\/v2\/types\/product"}],"wp:featuredmedia":[{"embeddable":true,"href":"https:\/\/nordiccarline.dk\/index.php?rest_route=\/wp\/v2\/media\/227"}],"wp:attachment":[{"href":"https:\/\/nordiccarline.dk\/index.php?rest_route=%2Fwp%2Fv2%2Fmedia&parent=226"}],"wp:term":[{"taxonomy":"product_brand","embeddable":true,"href":"https:\/\/nordiccarline.dk\/index.php?rest_route=%2Fwp%2Fv2%2Fproduct_brand&post=226"},{"taxonomy":"product_cat","embeddable":true,"href":"https:\/\/nordiccarline.dk\/index.php?rest_route=%2Fwp%2Fv2%2Fproduct_cat&post=226"},{"taxonomy":"product_tag","embeddable":true,"href":"https:\/\/nordiccarline.dk\/index.php?rest_route=%2Fwp%2Fv2%2Fproduct_tag&post=226"}],"curies":[{"name":"wp","href":"https:\/\/api.w.org\/{rel}","templated":true}]}}