{"id":224,"date":"2019-03-25T10:09:40","date_gmt":"2019-03-25T09:09:40","guid":{"rendered":"https:\/\/nordiccarline.dk\/?post_type=product&#038;p=224"},"modified":"2026-03-16T18:00:31","modified_gmt":"2026-03-16T17:00:31","slug":"flytteseler-hvid-flyttemandsseler","status":"publish","type":"product","link":"https:\/\/nordiccarline.dk\/?product=flytteseler-hvid-flyttemandsseler","title":{"rendered":"Flytteseler hvid \/Flyttemandsseler"},"content":{"rendered":"<p>Hvid professionel Flyttesele\/B\u00e6resele \u2013 1 s\u00e6t til to m\u00e6nd.<\/p>\n<p>Hvid professionel Flytteseler \u2013 Flyttemandsseler i soft polyesterb\u00e5nd 75mm. Ny model med beskyttelses klapper over sp\u00e6ndet, s\u00e5 man undg\u00e5 at ridse det emne man b\u00e6rer p\u00e5. Incl. 4stk polyesterstropper. 1 par for 2 m\u00e6nd.<\/p>\n<p>L\u00f8se Zink kroge tilk\u00f8bes. &#8211; Komplet Flyttesele s\u00e6t med stropper + 4 stk zink kroge er prisen 1815,00 kr + moms.<\/p>\n<p><strong>Bem\u00e6rk:<\/strong> Ved forsendelse bliver der p\u00e5lagt fragtgebyr.<\/p>\n","protected":false},"excerpt":{"rendered":"<p>Hvid professionel Flyttesele\/B\u00e6resele \u2013 1 s\u00e6t til to m\u00e6nd. Hvid professionel Flytteseler \u2013 Flyttemandsseler i soft polyesterb\u00e5nd 75mm. Ny model med beskyttelses klapper over sp\u00e6ndet, s\u00e5 man undg\u00e5 at ridse det emne man b\u00e6rer p\u00e5. Incl. 4stk polyesterstropper. 1 par for 2 m\u00e6nd. L\u00f8se Zink kroge tilk\u00f8bes. &#8211; Komplet Flyttesele s\u00e6t med stropper + 4 [&hellip;]<\/p>\n","protected":false},"featured_media":225,"template":"","meta":[],"product_brand":[],"product_cat":[25],"product_tag":[],"class_list":{"0":"post-224","1":"product","2":"type-product","3":"status-publish","4":"has-post-thumbnail","6":"product_cat-flytte-og-baereseler","8":"first","9":"instock","10":"taxable","11":"shipping-taxable","12":"purchasable","13":"product-type-simple"},"_links":{"self":[{"href":"https:\/\/nordiccarline.dk\/index.php?rest_route=\/wp\/v2\/product\/224","targetHints":{"allow":["GET"]}}],"collection":[{"href":"https:\/\/nordiccarline.dk\/index.php?rest_route=\/wp\/v2\/product"}],"about":[{"href":"https:\/\/nordiccarline.dk\/index.php?rest_route=\/wp\/v2\/types\/product"}],"wp:featuredmedia":[{"embeddable":true,"href":"https:\/\/nordiccarline.dk\/index.php?rest_route=\/wp\/v2\/media\/225"}],"wp:attachment":[{"href":"https:\/\/nordiccarline.dk\/index.php?rest_route=%2Fwp%2Fv2%2Fmedia&parent=224"}],"wp:term":[{"taxonomy":"product_brand","embeddable":true,"href":"https:\/\/nordiccarline.dk\/index.php?rest_route=%2Fwp%2Fv2%2Fproduct_brand&post=224"},{"taxonomy":"product_cat","embeddable":true,"href":"https:\/\/nordiccarline.dk\/index.php?rest_route=%2Fwp%2Fv2%2Fproduct_cat&post=224"},{"taxonomy":"product_tag","embeddable":true,"href":"https:\/\/nordiccarline.dk\/index.php?rest_route=%2Fwp%2Fv2%2Fproduct_tag&post=224"}],"curies":[{"name":"wp","href":"https:\/\/api.w.org\/{rel}","templated":true}]}}