{"id":210,"date":"2019-03-19T11:15:18","date_gmt":"2019-03-19T10:15:18","guid":{"rendered":"https:\/\/nordiccarline.dk\/?post_type=product&#038;p=210"},"modified":"2024-05-21T12:10:32","modified_gmt":"2024-05-21T11:10:32","slug":"blaa-transporthund-400x800mm","status":"publish","type":"product","link":"https:\/\/nordiccarline.dk\/?product=blaa-transporthund-400x800mm","title":{"rendered":"Bl\u00e5 Transporthund \/ 400x800mm"},"content":{"rendered":"<p>Bl\u00e5 Transporthund \/ Nyhed i Danmark. Udvendige m\u00e5l: 400x800mm. Belagt med bl\u00e5 friktionsdug ( PVC dug ) Fremstillet af 18mm krydsfin\u00e9r ( Birk ). Den Bl\u00e5 Transporthund er forsynet med gribehul,i midten for nem transport. 4 stk drejelige hjul i \u00d8100mm af den beste kvalitet der er set p\u00e5 en professionel Transporthund \/ Flyttehund \/ M\u00f8belhund i Danmark. Superelastike hjul, \u00d8100mm eller. \u00d8125mm som skal bestilles i lidt st\u00f8rre parti. Belastning \/ Lastevne: 500kg. Lev tid 14 dage. Ved st\u00f8rre parti ring for pris. Ved afhentning p\u00e5 lager, ingen fragt.<\/p>\n<p><strong>Bem\u00e6rk:<\/strong> Ved forsendelse bliver der p\u00e5lagt fragtgebyr.<\/p>\n","protected":false},"excerpt":{"rendered":"<p>Bl\u00e5 Transporthund \/ Nyhed i Danmark. Udvendige m\u00e5l: 400x800mm. Belagt med bl\u00e5 friktionsdug ( PVC dug ) Fremstillet af 18mm krydsfin\u00e9r ( Birk ). Den Bl\u00e5 Transporthund er forsynet med gribehul,i midten for nem transport. 4 stk drejelige hjul i \u00d8100mm af den beste kvalitet der er set p\u00e5 en professionel Transporthund \/ Flyttehund \/ [&hellip;]<\/p>\n","protected":false},"featured_media":211,"template":"","meta":[],"product_brand":[],"product_cat":[24],"product_tag":[],"class_list":{"0":"post-210","1":"product","2":"type-product","3":"status-publish","4":"has-post-thumbnail","6":"product_cat-transporthunde","8":"first","9":"instock","10":"taxable","11":"shipping-taxable","12":"purchasable","13":"product-type-simple"},"_links":{"self":[{"href":"https:\/\/nordiccarline.dk\/index.php?rest_route=\/wp\/v2\/product\/210","targetHints":{"allow":["GET"]}}],"collection":[{"href":"https:\/\/nordiccarline.dk\/index.php?rest_route=\/wp\/v2\/product"}],"about":[{"href":"https:\/\/nordiccarline.dk\/index.php?rest_route=\/wp\/v2\/types\/product"}],"wp:featuredmedia":[{"embeddable":true,"href":"https:\/\/nordiccarline.dk\/index.php?rest_route=\/wp\/v2\/media\/211"}],"wp:attachment":[{"href":"https:\/\/nordiccarline.dk\/index.php?rest_route=%2Fwp%2Fv2%2Fmedia&parent=210"}],"wp:term":[{"taxonomy":"product_brand","embeddable":true,"href":"https:\/\/nordiccarline.dk\/index.php?rest_route=%2Fwp%2Fv2%2Fproduct_brand&post=210"},{"taxonomy":"product_cat","embeddable":true,"href":"https:\/\/nordiccarline.dk\/index.php?rest_route=%2Fwp%2Fv2%2Fproduct_cat&post=210"},{"taxonomy":"product_tag","embeddable":true,"href":"https:\/\/nordiccarline.dk\/index.php?rest_route=%2Fwp%2Fv2%2Fproduct_tag&post=210"}],"curies":[{"name":"wp","href":"https:\/\/api.w.org\/{rel}","templated":true}]}}