{"id":192,"date":"2019-03-15T10:05:14","date_gmt":"2019-03-15T09:05:14","guid":{"rendered":"https:\/\/nordiccarline.dk\/?post_type=product&#038;p=192"},"modified":"2026-01-27T09:27:02","modified_gmt":"2026-01-27T08:27:02","slug":"nr-365-spec-haardhvidevare-saekkevogn-250kg","status":"publish","type":"product","link":"https:\/\/nordiccarline.dk\/?product=nr-365-spec-haardhvidevare-saekkevogn-250kg","title":{"rendered":"Nr.365  Spec H\u00e5rdhvidevare s\u00e6kkevogn 250kg"},"content":{"rendered":"<div class=\"product_desc_short\">\n<div class=\"product_desc_short\">\n<div class=\"product_desc_short\">\n<div class=\"product_desc_short\">\n<div class=\"product_desc_short\">\n<div class=\"product_desc_short\">\n<div>\n<div class=\"product_desc_short\">\n<div class=\"product_desc_short\">\n<div class=\"product_desc_short\">\n<div class=\"product_desc_short\">\n<div class=\"gmail-m_-538106803004944551m_-4831956728603581044gmail-product_desc_short\">\n<div class=\"gmail-m_-538106803004944551m_-4831956728603581044gmail-product_desc_short\">\n<p><strong>Spec r\u00f8d h\u00e5rdhvidevare s\u00e6kkevogn 250kg<\/strong><\/p>\n<\/div>\n<div class=\"gmail-m_-538106803004944551m_-4831956728603581044gmail-product_desc_full\">\n<p>R\u00f8d h\u00e5rdhvidevare s\u00e6kkevogn spec 250kg. Spec fremstillet HV s\u00e6kkevogn der kan komme ind af lang de fleste d\u00f8re. S\u00e6kkevognen har en unik h\u00e6ldning i stellet samt l\u00e6ssepladen og tager let 2 vaskemaskiner oven p\u00e5 hinanden, eller et stort k\u00f8leskab. Hjul: Luftgummi 12 tommer hjul st\u00e5lf\u00e6lg med rullelejer. Egenv\u00e6gt: 15,5 Kg. Lastkap.\/volume:250kg\/Lit.<\/p>\n<p>Ved st\u00f8rre antal kontakt os venligst for tilbud<\/p>\n<\/div>\n<\/div>\n<\/div>\n<\/div>\n<div class=\"product_desc_full\">\n<div><strong>Bem\u00e6rk:<\/strong> Der p\u00e5l\u00e6gges fragt ved forsendelser.<\/div>\n<\/div>\n<\/div>\n<\/div>\n<\/div>\n<div><\/div>\n<\/div>\n<div class=\"product_desc_full\">\n<div><\/div>\n<\/div>\n<\/div>\n<\/div>\n<\/div>\n<\/div>\n<\/div>\n<div class=\"product_desc_full\">\n<p>&nbsp;<\/p>\n<\/div>\n","protected":false},"excerpt":{"rendered":"<p>Spec r\u00f8d h\u00e5rdhvidevare s\u00e6kkevogn 250kg R\u00f8d h\u00e5rdhvidevare s\u00e6kkevogn spec 250kg. Spec fremstillet HV s\u00e6kkevogn der kan komme ind af lang de fleste d\u00f8re. S\u00e6kkevognen har en unik h\u00e6ldning i stellet samt l\u00e6ssepladen og tager let 2 vaskemaskiner oven p\u00e5 hinanden, eller et stort k\u00f8leskab. Hjul: Luftgummi 12 tommer hjul st\u00e5lf\u00e6lg med rullelejer. Egenv\u00e6gt: 15,5 Kg. [&hellip;]<\/p>\n","protected":false},"featured_media":193,"template":"","meta":[],"product_brand":[],"product_cat":[23],"product_tag":[],"class_list":{"0":"post-192","1":"product","2":"type-product","3":"status-publish","4":"has-post-thumbnail","6":"product_cat-saekkevogne","8":"first","9":"instock","10":"taxable","11":"shipping-taxable","12":"purchasable","13":"product-type-simple"},"_links":{"self":[{"href":"https:\/\/nordiccarline.dk\/index.php?rest_route=\/wp\/v2\/product\/192","targetHints":{"allow":["GET"]}}],"collection":[{"href":"https:\/\/nordiccarline.dk\/index.php?rest_route=\/wp\/v2\/product"}],"about":[{"href":"https:\/\/nordiccarline.dk\/index.php?rest_route=\/wp\/v2\/types\/product"}],"wp:featuredmedia":[{"embeddable":true,"href":"https:\/\/nordiccarline.dk\/index.php?rest_route=\/wp\/v2\/media\/193"}],"wp:attachment":[{"href":"https:\/\/nordiccarline.dk\/index.php?rest_route=%2Fwp%2Fv2%2Fmedia&parent=192"}],"wp:term":[{"taxonomy":"product_brand","embeddable":true,"href":"https:\/\/nordiccarline.dk\/index.php?rest_route=%2Fwp%2Fv2%2Fproduct_brand&post=192"},{"taxonomy":"product_cat","embeddable":true,"href":"https:\/\/nordiccarline.dk\/index.php?rest_route=%2Fwp%2Fv2%2Fproduct_cat&post=192"},{"taxonomy":"product_tag","embeddable":true,"href":"https:\/\/nordiccarline.dk\/index.php?rest_route=%2Fwp%2Fv2%2Fproduct_tag&post=192"}],"curies":[{"name":"wp","href":"https:\/\/api.w.org\/{rel}","templated":true}]}}