{"id":176,"date":"2019-03-14T15:17:26","date_gmt":"2019-03-14T14:17:26","guid":{"rendered":"https:\/\/nordiccarline.dk\/?post_type=product&#038;p=176"},"modified":"2024-05-21T12:12:51","modified_gmt":"2024-05-21T11:12:51","slug":"svingbar-hjul-125oe","status":"publish","type":"product","link":"https:\/\/nordiccarline.dk\/?product=svingbar-hjul-125oe","title":{"rendered":"Svingbar hjul 125\u00d8"},"content":{"rendered":"<p>Svingbar hjul i \u00d8100 &#8211; 100mm\u00a0 (Til F.eks. \u201cDINO\u201d &#8211; Bl\u00e5 Transporthund) Bl\u00e5 elastik gummibandager shore A65+\/-3 vulkaniseret p\u00e5 sort nylonf\u00e6lg. Monteret i zinkkromatiserede rivetterede middelsv\u00e6re industrigafler uden centerbolt. Svingbare gafler er med dobbelt kuglekrans. Belastning 150kg. Anvendelsestemperatur fra -20\u00b0C til +60\u00b0C. ( Er ogs\u00e5 p\u00e5 lager i \u00d880 &#8211; 80mm &#8211; Belastning 100kg. )<\/p>\n<p>Ved 20 stk. og derover ring \/ skriv for et tilbud.<\/p>\n<p><strong>Bem\u00e6rk:<\/strong> Ved forsendelse bliver der p\u00e5lagt fragtgebyr.<\/p>\n","protected":false},"excerpt":{"rendered":"<p>Svingbar hjul i \u00d8100 &#8211; 100mm\u00a0 (Til F.eks. \u201cDINO\u201d &#8211; Bl\u00e5 Transporthund) Bl\u00e5 elastik gummibandager shore A65+\/-3 vulkaniseret p\u00e5 sort nylonf\u00e6lg. Monteret i zinkkromatiserede rivetterede middelsv\u00e6re industrigafler uden centerbolt. Svingbare gafler er med dobbelt kuglekrans. Belastning 150kg. Anvendelsestemperatur fra -20\u00b0C til +60\u00b0C. ( Er ogs\u00e5 p\u00e5 lager i \u00d880 &#8211; 80mm &#8211; Belastning 100kg. ) [&hellip;]<\/p>\n","protected":false},"featured_media":174,"template":"","meta":[],"product_brand":[],"product_cat":[24],"product_tag":[],"class_list":{"0":"post-176","1":"product","2":"type-product","3":"status-publish","4":"has-post-thumbnail","6":"product_cat-transporthunde","8":"first","9":"instock","10":"taxable","11":"shipping-taxable","12":"purchasable","13":"product-type-simple"},"_links":{"self":[{"href":"https:\/\/nordiccarline.dk\/index.php?rest_route=\/wp\/v2\/product\/176","targetHints":{"allow":["GET"]}}],"collection":[{"href":"https:\/\/nordiccarline.dk\/index.php?rest_route=\/wp\/v2\/product"}],"about":[{"href":"https:\/\/nordiccarline.dk\/index.php?rest_route=\/wp\/v2\/types\/product"}],"wp:featuredmedia":[{"embeddable":true,"href":"https:\/\/nordiccarline.dk\/index.php?rest_route=\/wp\/v2\/media\/174"}],"wp:attachment":[{"href":"https:\/\/nordiccarline.dk\/index.php?rest_route=%2Fwp%2Fv2%2Fmedia&parent=176"}],"wp:term":[{"taxonomy":"product_brand","embeddable":true,"href":"https:\/\/nordiccarline.dk\/index.php?rest_route=%2Fwp%2Fv2%2Fproduct_brand&post=176"},{"taxonomy":"product_cat","embeddable":true,"href":"https:\/\/nordiccarline.dk\/index.php?rest_route=%2Fwp%2Fv2%2Fproduct_cat&post=176"},{"taxonomy":"product_tag","embeddable":true,"href":"https:\/\/nordiccarline.dk\/index.php?rest_route=%2Fwp%2Fv2%2Fproduct_tag&post=176"}],"curies":[{"name":"wp","href":"https:\/\/api.w.org\/{rel}","templated":true}]}}