{"id":159,"date":"2019-03-14T12:46:27","date_gmt":"2019-03-14T11:46:27","guid":{"rendered":"https:\/\/nordiccarline.dk\/?post_type=product&#038;p=159"},"modified":"2024-05-21T11:58:38","modified_gmt":"2024-05-21T10:58:38","slug":"transporthjoernesaet","status":"publish","type":"product","link":"https:\/\/nordiccarline.dk\/?product=transporthjoernesaet","title":{"rendered":"Transporthj\u00f8rnes\u00e6t"},"content":{"rendered":"<div class=\"product_desc_short\">\n<div class=\"product_desc_short\">\n<div class=\"product_desc_short\">\n<div class=\"product_desc_short\">\n<div class=\"product_desc_short\">\n<div class=\"product_desc_short\">\n<div>\n<div class=\"product_desc_short\">\n<div class=\"product_desc_short\">\n<div class=\"product_desc_short\">\n<div class=\"product_desc_short\">\n<div class=\"product_desc_short\">\n<div class=\"product_desc_short\">\n<p>Transporthj\u00f8rne S\u00e6t 4 Stk.<\/p>\n<\/div>\n<div class=\"product_desc_full\">\n<p>Bruges til\u00a0flytning af m\u00f8bler, maskiner og andet rektangul\u00e6rt gods.<br \/>\nMonteret\u00a0med rippet gummi dutter i bunden,\u00a0for at beskytte godset som transporteres.\u00a0S\u00e6ttet best\u00e5r af 4 hj\u00f8rner<br \/>\nsom er Pulverlakeret st\u00e5l.<br \/>\nHjul: Gr\u00e5 gummi dia. 50 x 20 mm der ikke smitter af. M\u00e5l: 366x204x85<br \/>\nLasth\u00f8jde\u00a0 15 mm. Last v\u00e6gt pr del er 150 kg &#8211; Total 600 kg. \u00a0S\u00e6ttetes v\u00e6gt er 8kg.<\/p>\n<\/div>\n<\/div>\n<\/div>\n<\/div>\n<div class=\"product_desc_full\">\n<div><strong>Bem\u00e6rk:<\/strong> Ved forsendelse bliver der p\u00e5lagt fragtgebyr.<\/div>\n<\/div>\n<\/div>\n<\/div>\n<\/div>\n<div><\/div>\n<\/div>\n<div class=\"product_desc_full\">\n<div><\/div>\n<\/div>\n<\/div>\n<\/div>\n<\/div>\n<\/div>\n<\/div>\n<div class=\"product_desc_full\">\n<p>&nbsp;<\/p>\n<\/div>\n","protected":false},"excerpt":{"rendered":"<p>Transporthj\u00f8rne S\u00e6t 4 Stk. Bruges til\u00a0flytning af m\u00f8bler, maskiner og andet rektangul\u00e6rt gods. Monteret\u00a0med rippet gummi dutter i bunden,\u00a0for at beskytte godset som transporteres.\u00a0S\u00e6ttet best\u00e5r af 4 hj\u00f8rner som er Pulverlakeret st\u00e5l. Hjul: Gr\u00e5 gummi dia. 50 x 20 mm der ikke smitter af. M\u00e5l: 366x204x85 Lasth\u00f8jde\u00a0 15 mm. Last v\u00e6gt pr del er 150 [&hellip;]<\/p>\n","protected":false},"featured_media":160,"template":"","meta":[],"product_brand":[],"product_cat":[24],"product_tag":[],"class_list":{"0":"post-159","1":"product","2":"type-product","3":"status-publish","4":"has-post-thumbnail","6":"product_cat-transporthunde","8":"first","9":"instock","10":"taxable","11":"shipping-taxable","12":"purchasable","13":"product-type-simple"},"_links":{"self":[{"href":"https:\/\/nordiccarline.dk\/index.php?rest_route=\/wp\/v2\/product\/159","targetHints":{"allow":["GET"]}}],"collection":[{"href":"https:\/\/nordiccarline.dk\/index.php?rest_route=\/wp\/v2\/product"}],"about":[{"href":"https:\/\/nordiccarline.dk\/index.php?rest_route=\/wp\/v2\/types\/product"}],"wp:featuredmedia":[{"embeddable":true,"href":"https:\/\/nordiccarline.dk\/index.php?rest_route=\/wp\/v2\/media\/160"}],"wp:attachment":[{"href":"https:\/\/nordiccarline.dk\/index.php?rest_route=%2Fwp%2Fv2%2Fmedia&parent=159"}],"wp:term":[{"taxonomy":"product_brand","embeddable":true,"href":"https:\/\/nordiccarline.dk\/index.php?rest_route=%2Fwp%2Fv2%2Fproduct_brand&post=159"},{"taxonomy":"product_cat","embeddable":true,"href":"https:\/\/nordiccarline.dk\/index.php?rest_route=%2Fwp%2Fv2%2Fproduct_cat&post=159"},{"taxonomy":"product_tag","embeddable":true,"href":"https:\/\/nordiccarline.dk\/index.php?rest_route=%2Fwp%2Fv2%2Fproduct_tag&post=159"}],"curies":[{"name":"wp","href":"https:\/\/api.w.org\/{rel}","templated":true}]}}