{"id":153,"date":"2019-03-14T12:35:15","date_gmt":"2019-03-14T11:35:15","guid":{"rendered":"https:\/\/nordiccarline.dk\/?post_type=product&#038;p=153"},"modified":"2021-12-08T15:28:36","modified_gmt":"2021-12-08T14:28:36","slug":"gul-palleloefter","status":"publish","type":"product","link":"https:\/\/nordiccarline.dk\/?product=gul-palleloefter","title":{"rendered":"Pallel\u00f8fter bl\u00e5"},"content":{"rendered":"<div class=\"product_desc_short\">\n<div class=\"product_desc_short\">\n<div class=\"product_desc_short\">\n<div class=\"product_desc_short\">\n<div class=\"product_desc_short\">\n<div class=\"product_desc_short\">\n<div>\n<div class=\"product_desc_short\">\n<div class=\"product_desc_short\">\n<div class=\"product_desc_short\">\n<div class=\"product_desc_short\">\n<div class=\"product_desc_short\">\n<p>Ekstra solide NH Bl\u00e5 pallevogne, kapacitet 2500 kg, bogie hjul<\/p>\n<p>Monteret med rulle foran og bagved gaffelhjul for lettere til- og frak\u00f8rsel p\u00e5 pallens brede side. Gaffell\u00e6ngde 1150mm &#8211; Gaffelbredde 540mm &#8211; V\u00e6gt 70kg.<\/p>\n<ul>\n<li>Optimal man\u00f8vredygtighed med en drejevinkel p\u00e5 210\u02da<\/li>\n<li>Ogs\u00e5 velegnet til l\u00f8ft af 1\/4 pallerMed enkel eller bogie hjul i polyurethan.<\/li>\n<li>Kan f\u00e5s med nylon hjul.<\/li>\n<li>Polyurethanhjul er st\u00f8jsvage og sk\u00e5ner underlaget.<\/li>\n<\/ul>\n<\/div>\n<\/div>\n<\/div>\n<div class=\"product_desc_full\">\n<div><strong>Bem\u00e6rk:<\/strong> Ved forsendelse bliver der p\u00e5lagt fragtgebyr.<\/div>\n<\/div>\n<\/div>\n<\/div>\n<\/div>\n<div><\/div>\n<\/div>\n<div class=\"product_desc_full\">\n<div><\/div>\n<\/div>\n<\/div>\n<\/div>\n<\/div>\n<\/div>\n<\/div>\n<div class=\"product_desc_full\">\n<p>&nbsp;<\/p>\n<\/div>\n","protected":false},"excerpt":{"rendered":"<p>Ekstra solide NH Bl\u00e5 pallevogne, kapacitet 2500 kg, bogie hjul Monteret med rulle foran og bagved gaffelhjul for lettere til- og frak\u00f8rsel p\u00e5 pallens brede side. Gaffell\u00e6ngde 1150mm &#8211; Gaffelbredde 540mm &#8211; V\u00e6gt 70kg. Optimal man\u00f8vredygtighed med en drejevinkel p\u00e5 210\u02da Ogs\u00e5 velegnet til l\u00f8ft af 1\/4 pallerMed enkel eller bogie hjul i polyurethan. Kan [&hellip;]<\/p>\n","protected":false},"featured_media":373,"template":"","meta":[],"product_brand":[],"product_cat":[23],"product_tag":[],"class_list":{"0":"post-153","1":"product","2":"type-product","3":"status-publish","4":"has-post-thumbnail","6":"product_cat-saekkevogne","8":"first","9":"instock","10":"taxable","11":"shipping-taxable","12":"purchasable","13":"product-type-simple"},"_links":{"self":[{"href":"https:\/\/nordiccarline.dk\/index.php?rest_route=\/wp\/v2\/product\/153","targetHints":{"allow":["GET"]}}],"collection":[{"href":"https:\/\/nordiccarline.dk\/index.php?rest_route=\/wp\/v2\/product"}],"about":[{"href":"https:\/\/nordiccarline.dk\/index.php?rest_route=\/wp\/v2\/types\/product"}],"wp:featuredmedia":[{"embeddable":true,"href":"https:\/\/nordiccarline.dk\/index.php?rest_route=\/wp\/v2\/media\/373"}],"wp:attachment":[{"href":"https:\/\/nordiccarline.dk\/index.php?rest_route=%2Fwp%2Fv2%2Fmedia&parent=153"}],"wp:term":[{"taxonomy":"product_brand","embeddable":true,"href":"https:\/\/nordiccarline.dk\/index.php?rest_route=%2Fwp%2Fv2%2Fproduct_brand&post=153"},{"taxonomy":"product_cat","embeddable":true,"href":"https:\/\/nordiccarline.dk\/index.php?rest_route=%2Fwp%2Fv2%2Fproduct_cat&post=153"},{"taxonomy":"product_tag","embeddable":true,"href":"https:\/\/nordiccarline.dk\/index.php?rest_route=%2Fwp%2Fv2%2Fproduct_tag&post=153"}],"curies":[{"name":"wp","href":"https:\/\/api.w.org\/{rel}","templated":true}]}}