{"id":127,"date":"2019-03-14T12:09:25","date_gmt":"2019-03-14T11:09:25","guid":{"rendered":"https:\/\/nordiccarline.dk\/?post_type=product&#038;p=127"},"modified":"2023-02-24T11:50:59","modified_gmt":"2023-02-24T10:50:59","slug":"sikkerhedshjelm","status":"publish","type":"product","link":"https:\/\/nordiccarline.dk\/?product=sikkerhedshjelm","title":{"rendered":"Sikkerhedshjelm"},"content":{"rendered":"<p>Ved 24 stk. og derover, kontakt os venligst for tilbud.Sikkerhedshjelm. Balance AC hjelm. Ergo udformet med ventilationshuller. F\u00e5es i mange farver.Sekspunktoph\u00e6ngt indsats med brede textilb\u00e5nd og svederem.<\/p>\n<p><strong>Bem\u00e6rk:<\/strong> Ved forsendelse bliver der p\u00e5lagt fragtgebyr.<\/p>\n","protected":false},"excerpt":{"rendered":"<p>Ved 24 stk. og derover, kontakt os venligst for tilbud.Sikkerhedshjelm. Balance AC hjelm. Ergo udformet med ventilationshuller. F\u00e5es i mange farver.Sekspunktoph\u00e6ngt indsats med brede textilb\u00e5nd og svederem. Bem\u00e6rk: Ved forsendelse bliver der p\u00e5lagt fragtgebyr.<\/p>\n","protected":false},"featured_media":128,"template":"","meta":[],"product_brand":[],"product_cat":[17],"product_tag":[],"class_list":{"0":"post-127","1":"product","2":"type-product","3":"status-publish","4":"has-post-thumbnail","6":"product_cat-handsker","8":"first","9":"instock","10":"taxable","11":"shipping-taxable","12":"purchasable","13":"product-type-simple"},"_links":{"self":[{"href":"https:\/\/nordiccarline.dk\/index.php?rest_route=\/wp\/v2\/product\/127","targetHints":{"allow":["GET"]}}],"collection":[{"href":"https:\/\/nordiccarline.dk\/index.php?rest_route=\/wp\/v2\/product"}],"about":[{"href":"https:\/\/nordiccarline.dk\/index.php?rest_route=\/wp\/v2\/types\/product"}],"wp:featuredmedia":[{"embeddable":true,"href":"https:\/\/nordiccarline.dk\/index.php?rest_route=\/wp\/v2\/media\/128"}],"wp:attachment":[{"href":"https:\/\/nordiccarline.dk\/index.php?rest_route=%2Fwp%2Fv2%2Fmedia&parent=127"}],"wp:term":[{"taxonomy":"product_brand","embeddable":true,"href":"https:\/\/nordiccarline.dk\/index.php?rest_route=%2Fwp%2Fv2%2Fproduct_brand&post=127"},{"taxonomy":"product_cat","embeddable":true,"href":"https:\/\/nordiccarline.dk\/index.php?rest_route=%2Fwp%2Fv2%2Fproduct_cat&post=127"},{"taxonomy":"product_tag","embeddable":true,"href":"https:\/\/nordiccarline.dk\/index.php?rest_route=%2Fwp%2Fv2%2Fproduct_tag&post=127"}],"curies":[{"name":"wp","href":"https:\/\/api.w.org\/{rel}","templated":true}]}}