{"id":121,"date":"2019-03-14T11:57:16","date_gmt":"2019-03-14T10:57:16","guid":{"rendered":"https:\/\/nordiccarline.dk\/?post_type=product&#038;p=121"},"modified":"2024-06-22T07:42:53","modified_gmt":"2024-06-22T06:42:53","slug":"hold-fast-rem-med-krog-1250mm","status":"publish","type":"product","link":"https:\/\/nordiccarline.dk\/?product=hold-fast-rem-med-krog-1250mm","title":{"rendered":"Hold Fast Rem med krog 1250mm"},"content":{"rendered":"<p>Ved 120 stk. og derover, kontakt os venligst for tilbud.<\/p>\n<p>1250mm Hold-Fast Rem. Gummirem med plastbekl\u00e6dt rustfri krog i begge ender. Til fastholdelseaf l\u00f8se emner i varevogen \/ bil, p\u00e5 trailer eller andre steder hvor det er en fordel at vide at emnet bliver hvordet skal v\u00e6re. P\u00e5 alle remme kan afstanden mellem krogene justeres efter behov.<\/p>\n<p><strong>Bem\u00e6rk:<\/strong> Ved forsendelse bliver der p\u00e5lagt fragtgebyr.<\/p>\n","protected":false},"excerpt":{"rendered":"<p>Ved 120 stk. og derover, kontakt os venligst for tilbud. 1250mm Hold-Fast Rem. Gummirem med plastbekl\u00e6dt rustfri krog i begge ender. Til fastholdelseaf l\u00f8se emner i varevogen \/ bil, p\u00e5 trailer eller andre steder hvor det er en fordel at vide at emnet bliver hvordet skal v\u00e6re. P\u00e5 alle remme kan afstanden mellem krogene justeres [&hellip;]<\/p>\n","protected":false},"featured_media":118,"template":"","meta":[],"product_brand":[],"product_cat":[16],"product_tag":[],"class_list":{"0":"post-121","1":"product","2":"type-product","3":"status-publish","4":"has-post-thumbnail","6":"product_cat-stropremme","8":"first","9":"instock","10":"taxable","11":"shipping-taxable","12":"purchasable","13":"product-type-simple"},"_links":{"self":[{"href":"https:\/\/nordiccarline.dk\/index.php?rest_route=\/wp\/v2\/product\/121","targetHints":{"allow":["GET"]}}],"collection":[{"href":"https:\/\/nordiccarline.dk\/index.php?rest_route=\/wp\/v2\/product"}],"about":[{"href":"https:\/\/nordiccarline.dk\/index.php?rest_route=\/wp\/v2\/types\/product"}],"wp:featuredmedia":[{"embeddable":true,"href":"https:\/\/nordiccarline.dk\/index.php?rest_route=\/wp\/v2\/media\/118"}],"wp:attachment":[{"href":"https:\/\/nordiccarline.dk\/index.php?rest_route=%2Fwp%2Fv2%2Fmedia&parent=121"}],"wp:term":[{"taxonomy":"product_brand","embeddable":true,"href":"https:\/\/nordiccarline.dk\/index.php?rest_route=%2Fwp%2Fv2%2Fproduct_brand&post=121"},{"taxonomy":"product_cat","embeddable":true,"href":"https:\/\/nordiccarline.dk\/index.php?rest_route=%2Fwp%2Fv2%2Fproduct_cat&post=121"},{"taxonomy":"product_tag","embeddable":true,"href":"https:\/\/nordiccarline.dk\/index.php?rest_route=%2Fwp%2Fv2%2Fproduct_tag&post=121"}],"curies":[{"name":"wp","href":"https:\/\/api.w.org\/{rel}","templated":true}]}}