{"id":117,"date":"2019-03-14T11:54:30","date_gmt":"2019-03-14T10:54:30","guid":{"rendered":"https:\/\/nordiccarline.dk\/?post_type=product&#038;p=117"},"modified":"2024-05-27T09:34:44","modified_gmt":"2024-05-27T08:34:44","slug":"hold-fast-loes-krog","status":"publish","type":"product","link":"https:\/\/nordiccarline.dk\/?product=hold-fast-loes-krog","title":{"rendered":"Hold-Fast l\u00f8s krog"},"content":{"rendered":"<div class=\"product_desc_short\">\n<div class=\"product_desc_short\">\n<div class=\"product_desc_short\">\n<div class=\"product_desc_short\">\n<div class=\"product_desc_short\">\n<p>Ved 100 stk. og derover, kontakt os venligst for tilbud.<\/p>\n<\/div>\n<div class=\"product_desc_full\">\n<p>L\u00f8se kroge til Hold-Fast rem.<\/p>\n<\/div>\n<\/div>\n<\/div>\n<\/div>\n<\/div>\n<div class=\"product_desc_full\">\n<p><strong>Bem\u00e6rk:<\/strong> Ved forsendelse bliver der p\u00e5lagt fragtgebyr.<\/p>\n<\/div>\n","protected":false},"excerpt":{"rendered":"<p>Ved 100 stk. og derover, kontakt os venligst for tilbud. L\u00f8se kroge til Hold-Fast rem. Bem\u00e6rk: Ved forsendelse bliver der p\u00e5lagt fragtgebyr.<\/p>\n","protected":false},"featured_media":118,"template":"","meta":[],"product_brand":[],"product_cat":[16],"product_tag":[],"class_list":{"0":"post-117","1":"product","2":"type-product","3":"status-publish","4":"has-post-thumbnail","6":"product_cat-stropremme","8":"first","9":"instock","10":"taxable","11":"shipping-taxable","12":"purchasable","13":"product-type-simple"},"_links":{"self":[{"href":"https:\/\/nordiccarline.dk\/index.php?rest_route=\/wp\/v2\/product\/117","targetHints":{"allow":["GET"]}}],"collection":[{"href":"https:\/\/nordiccarline.dk\/index.php?rest_route=\/wp\/v2\/product"}],"about":[{"href":"https:\/\/nordiccarline.dk\/index.php?rest_route=\/wp\/v2\/types\/product"}],"wp:featuredmedia":[{"embeddable":true,"href":"https:\/\/nordiccarline.dk\/index.php?rest_route=\/wp\/v2\/media\/118"}],"wp:attachment":[{"href":"https:\/\/nordiccarline.dk\/index.php?rest_route=%2Fwp%2Fv2%2Fmedia&parent=117"}],"wp:term":[{"taxonomy":"product_brand","embeddable":true,"href":"https:\/\/nordiccarline.dk\/index.php?rest_route=%2Fwp%2Fv2%2Fproduct_brand&post=117"},{"taxonomy":"product_cat","embeddable":true,"href":"https:\/\/nordiccarline.dk\/index.php?rest_route=%2Fwp%2Fv2%2Fproduct_cat&post=117"},{"taxonomy":"product_tag","embeddable":true,"href":"https:\/\/nordiccarline.dk\/index.php?rest_route=%2Fwp%2Fv2%2Fproduct_tag&post=117"}],"curies":[{"name":"wp","href":"https:\/\/api.w.org\/{rel}","templated":true}]}}