{"id":115,"date":"2019-03-14T11:52:45","date_gmt":"2019-03-14T10:52:45","guid":{"rendered":"https:\/\/nordiccarline.dk\/?post_type=product&#038;p=115"},"modified":"2024-10-13T10:17:31","modified_gmt":"2024-10-13T09:17:31","slug":"sj-spaendebaand-95m-m-zinklaas","status":"publish","type":"product","link":"https:\/\/nordiccarline.dk\/?product=sj-spaendebaand-95m-m-zinklaas","title":{"rendered":"SJ Sp\u00e6ndeb\u00e5nd 9,5m. m\/zinkl\u00e5s"},"content":{"rendered":"<div class=\"product_desc_short\">\n<div class=\"product_desc_short\">\n<div class=\"product_desc_short\">\n<div class=\"product_desc_short\">\n<p>Ved 50 stk. og derover, kontakt os venligst for tilbud.<\/p>\n<\/div>\n<div class=\"product_desc_full\">\n<p>SJ-Sp\u00e6ndeb\u00e5nd med kraftig zink\/ kaml\u00e5s,bl\u00e5. B\u00e5ndbrede 35mm. L\u00e6ngde 9,5m. Brudstyrke 1000kg.<\/p>\n<p><strong>Bem\u00e6rk:<\/strong> Ved forsendelse bliver der p\u00e5lagt fragtgebyr.<\/p>\n<\/div>\n<\/div>\n<\/div>\n<\/div>\n<div class=\"product_desc_full\">\n<p>&nbsp;<\/p>\n<\/div>\n","protected":false},"excerpt":{"rendered":"<p>Ved 50 stk. og derover, kontakt os venligst for tilbud. SJ-Sp\u00e6ndeb\u00e5nd med kraftig zink\/ kaml\u00e5s,bl\u00e5. B\u00e5ndbrede 35mm. L\u00e6ngde 9,5m. Brudstyrke 1000kg. Bem\u00e6rk: Ved forsendelse bliver der p\u00e5lagt fragtgebyr. &nbsp;<\/p>\n","protected":false},"featured_media":116,"template":"","meta":[],"product_brand":[],"product_cat":[16],"product_tag":[],"class_list":{"0":"post-115","1":"product","2":"type-product","3":"status-publish","4":"has-post-thumbnail","6":"product_cat-stropremme","8":"first","9":"instock","10":"taxable","11":"shipping-taxable","12":"purchasable","13":"product-type-simple"},"_links":{"self":[{"href":"https:\/\/nordiccarline.dk\/index.php?rest_route=\/wp\/v2\/product\/115","targetHints":{"allow":["GET"]}}],"collection":[{"href":"https:\/\/nordiccarline.dk\/index.php?rest_route=\/wp\/v2\/product"}],"about":[{"href":"https:\/\/nordiccarline.dk\/index.php?rest_route=\/wp\/v2\/types\/product"}],"wp:featuredmedia":[{"embeddable":true,"href":"https:\/\/nordiccarline.dk\/index.php?rest_route=\/wp\/v2\/media\/116"}],"wp:attachment":[{"href":"https:\/\/nordiccarline.dk\/index.php?rest_route=%2Fwp%2Fv2%2Fmedia&parent=115"}],"wp:term":[{"taxonomy":"product_brand","embeddable":true,"href":"https:\/\/nordiccarline.dk\/index.php?rest_route=%2Fwp%2Fv2%2Fproduct_brand&post=115"},{"taxonomy":"product_cat","embeddable":true,"href":"https:\/\/nordiccarline.dk\/index.php?rest_route=%2Fwp%2Fv2%2Fproduct_cat&post=115"},{"taxonomy":"product_tag","embeddable":true,"href":"https:\/\/nordiccarline.dk\/index.php?rest_route=%2Fwp%2Fv2%2Fproduct_tag&post=115"}],"curies":[{"name":"wp","href":"https:\/\/api.w.org\/{rel}","templated":true}]}}