{"id":113,"date":"2019-03-14T11:51:07","date_gmt":"2019-03-14T10:51:07","guid":{"rendered":"https:\/\/nordiccarline.dk\/?post_type=product&#038;p=113"},"modified":"2022-04-22T08:35:19","modified_gmt":"2022-04-22T07:35:19","slug":"spaendebaand-surring-m-zinklaas","status":"publish","type":"product","link":"https:\/\/nordiccarline.dk\/?product=spaendebaand-surring-m-zinklaas","title":{"rendered":"Sp\u00e6ndeb\u00e5nd \/ surring m\/zinkl\u00e5s"},"content":{"rendered":"<p>Kassen indeholder 32 stk. emballage stropper med en velvoksen kaml\u00e5s st\u00f8bt i zink.8 stk. R\u00f8d b\u00e5nd 1,0m. 8 stk. Orange b\u00e5nd 2,0m. 8stk Bl\u00e5 b\u00e5nd 3,0m. 8 stk. Sort b\u00e5nd 5,0m.Brudstyrke 250 kg.<\/p>\n<p><strong>Bem\u00e6rk:<\/strong> Ved forsendelse bliver der p\u00e5lagt fragtgebyr.<br \/>\n<img loading=\"lazy\" decoding=\"async\" class=\"alignnone size-medium wp-image-251\" src=\"https:\/\/nordiccarline.dk\/wp-content\/uploads\/2019\/03\/11235-300x300.jpg\" alt=\"\" width=\"300\" height=\"300\" srcset=\"https:\/\/nordiccarline.dk\/wp-content\/uploads\/2019\/03\/11235-300x300.jpg 300w, https:\/\/nordiccarline.dk\/wp-content\/uploads\/2019\/03\/11235-150x150.jpg 150w, https:\/\/nordiccarline.dk\/wp-content\/uploads\/2019\/03\/11235-400x400.jpg 400w, https:\/\/nordiccarline.dk\/wp-content\/uploads\/2019\/03\/11235-600x600.jpg 600w, https:\/\/nordiccarline.dk\/wp-content\/uploads\/2019\/03\/11235-324x324.jpg 324w, https:\/\/nordiccarline.dk\/wp-content\/uploads\/2019\/03\/11235-416x416.jpg 416w, https:\/\/nordiccarline.dk\/wp-content\/uploads\/2019\/03\/11235-100x100.jpg 100w, https:\/\/nordiccarline.dk\/wp-content\/uploads\/2019\/03\/11235.jpg 640w\" sizes=\"auto, (max-width: 300px) 100vw, 300px\" \/><\/p>\n","protected":false},"excerpt":{"rendered":"<p>Kassen indeholder 32 stk. emballage stropper med en velvoksen kaml\u00e5s st\u00f8bt i zink.8 stk. R\u00f8d b\u00e5nd 1,0m. 8 stk. Orange b\u00e5nd 2,0m. 8stk Bl\u00e5 b\u00e5nd 3,0m. 8 stk. Sort b\u00e5nd 5,0m.Brudstyrke 250 kg. Bem\u00e6rk: Ved forsendelse bliver der p\u00e5lagt fragtgebyr.<\/p>\n","protected":false},"featured_media":250,"template":"","meta":[],"product_brand":[],"product_cat":[16],"product_tag":[],"class_list":{"0":"post-113","1":"product","2":"type-product","3":"status-publish","4":"has-post-thumbnail","6":"product_cat-stropremme","8":"first","9":"instock","10":"taxable","11":"shipping-taxable","12":"purchasable","13":"product-type-simple"},"_links":{"self":[{"href":"https:\/\/nordiccarline.dk\/index.php?rest_route=\/wp\/v2\/product\/113","targetHints":{"allow":["GET"]}}],"collection":[{"href":"https:\/\/nordiccarline.dk\/index.php?rest_route=\/wp\/v2\/product"}],"about":[{"href":"https:\/\/nordiccarline.dk\/index.php?rest_route=\/wp\/v2\/types\/product"}],"wp:featuredmedia":[{"embeddable":true,"href":"https:\/\/nordiccarline.dk\/index.php?rest_route=\/wp\/v2\/media\/250"}],"wp:attachment":[{"href":"https:\/\/nordiccarline.dk\/index.php?rest_route=%2Fwp%2Fv2%2Fmedia&parent=113"}],"wp:term":[{"taxonomy":"product_brand","embeddable":true,"href":"https:\/\/nordiccarline.dk\/index.php?rest_route=%2Fwp%2Fv2%2Fproduct_brand&post=113"},{"taxonomy":"product_cat","embeddable":true,"href":"https:\/\/nordiccarline.dk\/index.php?rest_route=%2Fwp%2Fv2%2Fproduct_cat&post=113"},{"taxonomy":"product_tag","embeddable":true,"href":"https:\/\/nordiccarline.dk\/index.php?rest_route=%2Fwp%2Fv2%2Fproduct_tag&post=113"}],"curies":[{"name":"wp","href":"https:\/\/api.w.org\/{rel}","templated":true}]}}