{"id":111,"date":"2019-03-14T11:49:17","date_gmt":"2019-03-14T10:49:17","guid":{"rendered":"https:\/\/nordiccarline.dk\/?post_type=product&#038;p=111"},"modified":"2025-05-22T10:30:49","modified_gmt":"2025-05-22T09:30:49","slug":"spaendestrop-m-kamlaas-krog","status":"publish","type":"product","link":"https:\/\/nordiccarline.dk\/?product=spaendestrop-m-kamlaas-krog","title":{"rendered":"Sp\u00e6ndestrop m\/Kaml\u00e5s \/Krog"},"content":{"rendered":"<div class=\"product_desc_short\">\n<div class=\"product_desc_short\">\n<p>Ved\u00a025 stk. og derover, kontakt os venligst for tilbud.<\/p>\n<\/div>\n<div class=\"product_desc_full\">\n<p>Sp\u00e6ndestrop med Kaml\u00e5s og krog\/krog. Sp\u00e6ndestrop med Kaml\u00e5s i 0,3 x 3,5m krog\/krog i 25mm bl\u00e5 b\u00e5nd. Til hurtig fastsp\u00e6nding af l\u00e6tter ting i varerummet\/varebilen eller trailer.<\/p>\n<\/div>\n<\/div>\n<div class=\"product_desc_full\">\n<p><strong>Bem\u00e6rk:<\/strong> Ved forsendelse bliver der p\u00e5lagt fragtgebyr.<\/p>\n<\/div>\n","protected":false},"excerpt":{"rendered":"<p>Ved\u00a025 stk. og derover, kontakt os venligst for tilbud. Sp\u00e6ndestrop med Kaml\u00e5s og krog\/krog. Sp\u00e6ndestrop med Kaml\u00e5s i 0,3 x 3,5m krog\/krog i 25mm bl\u00e5 b\u00e5nd. Til hurtig fastsp\u00e6nding af l\u00e6tter ting i varerummet\/varebilen eller trailer. Bem\u00e6rk: Ved forsendelse bliver der p\u00e5lagt fragtgebyr.<\/p>\n","protected":false},"featured_media":112,"template":"","meta":[],"product_brand":[],"product_cat":[16],"product_tag":[],"class_list":{"0":"post-111","1":"product","2":"type-product","3":"status-publish","4":"has-post-thumbnail","6":"product_cat-stropremme","8":"first","9":"instock","10":"taxable","11":"shipping-taxable","12":"purchasable","13":"product-type-simple"},"_links":{"self":[{"href":"https:\/\/nordiccarline.dk\/index.php?rest_route=\/wp\/v2\/product\/111","targetHints":{"allow":["GET"]}}],"collection":[{"href":"https:\/\/nordiccarline.dk\/index.php?rest_route=\/wp\/v2\/product"}],"about":[{"href":"https:\/\/nordiccarline.dk\/index.php?rest_route=\/wp\/v2\/types\/product"}],"wp:featuredmedia":[{"embeddable":true,"href":"https:\/\/nordiccarline.dk\/index.php?rest_route=\/wp\/v2\/media\/112"}],"wp:attachment":[{"href":"https:\/\/nordiccarline.dk\/index.php?rest_route=%2Fwp%2Fv2%2Fmedia&parent=111"}],"wp:term":[{"taxonomy":"product_brand","embeddable":true,"href":"https:\/\/nordiccarline.dk\/index.php?rest_route=%2Fwp%2Fv2%2Fproduct_brand&post=111"},{"taxonomy":"product_cat","embeddable":true,"href":"https:\/\/nordiccarline.dk\/index.php?rest_route=%2Fwp%2Fv2%2Fproduct_cat&post=111"},{"taxonomy":"product_tag","embeddable":true,"href":"https:\/\/nordiccarline.dk\/index.php?rest_route=%2Fwp%2Fv2%2Fproduct_tag&post=111"}],"curies":[{"name":"wp","href":"https:\/\/api.w.org\/{rel}","templated":true}]}}