{"id":104,"date":"2019-03-08T13:46:21","date_gmt":"2019-03-08T12:46:21","guid":{"rendered":"https:\/\/nordiccarline.dk\/?post_type=product&#038;p=104"},"modified":"2025-10-29T11:57:39","modified_gmt":"2025-10-29T10:57:39","slug":"kraftig-flyttetaepper-150x200cm","status":"publish","type":"product","link":"https:\/\/nordiccarline.dk\/?product=kraftig-flyttetaepper-150x200cm","title":{"rendered":"Kraftig Flyttet\u00e6pper syet &#8211; 150 x 200 cm x 1050gr"},"content":{"rendered":"<p><strong>Flyttet\u00e6pper syet &#8211; 150 x 200 cm x 1050gr<\/strong><\/p>\n<p>Er du ved at flytte? S\u00e5 er gode flyttet\u00e6pper uundv\u00e6rlige. Disse kvalitets syet flyttet\u00e6pper er gode t\u00e6pper til at beskytte dine m\u00f8bler under en flytning. Pak dine m\u00f8bler ind med det syet kvalitets flyttet\u00e6ppe eller placer flyttet\u00e6ppet mellem to stablede m\u00f8bler. Ved at bruge et flyttet\u00e6ppe beskytter du dine m\u00f8bler mod ridser og andre skader. T\u00e6pperne er ikke kun velegnede under flytning, men ogs\u00e5 ved transport af v\u00e6rdifulde eller skr\u00f8belige varer.<\/p>\n<p>+ Stiv og meget st\u00e6rk<br \/>\n+ Fleksibel og genanvendelig<br \/>\n+ Fremragende beskyttelse<\/p>\n<p><strong>Robuste bev\u00e6gelige syet t\u00e6pper af god kvalitet<\/strong><br \/>\nDe bev\u00e6gelige t\u00e6pper er syet over det hele. Dette giver dem deres styrke. Kanterne er ogs\u00e5 syet, hvilket betyder, at de er mindre tilb\u00f8jelige til at rive. De syede bev\u00e6gelige t\u00e6pper er gr\u00e5 i farven, vejer 1050 gram, er slidst\u00e6rke og fleksible ( et af de bedste syet flyttet\u00e6ppe p\u00e5 markedet ). Materialet best\u00e5r af bomuld, uld og genbrugte tekstilfibre. Kan du vaske det bev\u00e6gelige t\u00e6ppe? Bare rolig, du kan vaske de bev\u00e6gelige t\u00e6pper. G\u00f8r ikke dette varmere end 40 \u00b0C, da det ellers kan krympe . Disse syet flyttet\u00e6ppet indeholder uld, bomuld, Det betyder, at det bev\u00e6gelige t\u00e6ppe kan bruges som plaid. Ved at bruge flyttet\u00e6ppet som plaid holder du dig dejlig varm, n\u00e5r du for eksempel sidder ude p\u00e5 terrassen. Fordi det bev\u00e6gelige syet t\u00e6ppe er bl\u00f8dt p\u00e5 begge sider, f\u00f8les det behageligt. Bl\u00f8dheden er ogs\u00e5 nyttig ved pakning af ridse, f\u00f8lsomme m\u00f8bler eller genstande.<\/p>\n<p><strong>K\u00f8b syede flyttet\u00e6pper<\/strong><br \/>\nDu kan selvf\u00f8lgelig k\u00f8be syede flyttet\u00e6pper hos Nordic Car Line. Du kan k\u00f8be det syede flyttet\u00e6ppe til en attraktiv pris. Du kan k\u00f8be flyttet\u00e6pper enkeltvis eller flere p\u00e5 \u00e9n gang. De syede, bev\u00e6gelige t\u00e6pper er ogs\u00e5 kendt som opbevarings t\u00e6pper, beskyttende t\u00e6pper eller pakket\u00e6pper. T\u00e6pperne er ogs\u00e5 ideelle til brug som opbevarings t\u00e6pper. Pak dine v\u00e6rdigenstande ind til opbevaring med et opbevarings t\u00e6ppe eller pakket\u00e6ppe og beskyt dem mod skader og snavs. Opbevarings t\u00e6pper kan bruges flere gange. Du kan ogs\u00e5 bruge t\u00e6ppet som et beskyttende t\u00e6ppe til din sofa. Med et beskyttende t\u00e6ppe til din sofa f\u00e5r du ikke ridser eller pletter p\u00e5 den, og din hund kan for eksempel ligge behageligt p\u00e5 sofaen.<\/p>\n<p><strong>Bem\u00e6rk venligst:<\/strong> Da det beskyttende at syet t\u00e6ppe delvist er lavet af genbrugsstof, kan det misfarve dine m\u00f8bler, hvis det forbliver fugtigt i l\u00e6ngere tid.<\/p>\n<p>Er du professionel flyttemand eller transport\u00f8r? S\u00e5 ved du, hvor vigtige gode flyttet\u00e6pper kan v\u00e6re. Syede bev\u00e6gelige t\u00e6pper ser alle ens ud og bliver desv\u00e6rre nogle gange ikke returneret. Med personlige flyttet\u00e6pper vil du fremst\u00e5 professionel, og det vil altid v\u00e6re tydeligt, hvem flyttet\u00e6pperne tilh\u00f8rer.<\/p>\n<p>Der er flere m\u00e5der at personligg\u00f8re dit flyttet\u00e6ppe p\u00e5. F\u00f8rst og fremmest kan du v\u00e6lge st\u00f8rrelsen. T\u00e6ppernes bredde er 150 cm, men du kan selv bestemme l\u00e6ngden. N\u00e5r du har valgt l\u00e6ngden, forts\u00e6t med personaliseringen. Det er for eksempel muligt at forsyne de bev\u00e6gelige t\u00e6pper med en fuldfarve-etiket, syet p\u00e5 den ene side. Det er ogs\u00e5 muligt at f\u00e5 syet et trykt logo p\u00e5 det bev\u00e6gelige t\u00e6ppe. Dens dimensioner er 10 x 20 cm. Indsend venligst logoet i PDF-fil eller en vektor fil, for det bedste resultat. Det er ogs\u00e5 muligt at v\u00e6lge antallet af striber og farverne p\u00e5 striberne. P\u00e5 denne m\u00e5de kan du afspejle din virksomheds farver i flyttet\u00e6pperne. Du kan bestille personlige flyttet\u00e6pper fra 360 stk. Leveringstid ca. 6 til 8 uger.<\/p>\n<p>Der er 20 stk. t\u00e6pper pr bundt &#8211; Ved st\u00f8rre m\u00e6ngde kontakt os ( Mail eller ring ).<\/p>\n<p>Der p\u00e5l\u00e6gges fragt ved forsendelse.<\/p>\n","protected":false},"excerpt":{"rendered":"<p>Flyttet\u00e6pper syet &#8211; 150 x 200 cm x 1050gr Er du ved at flytte? S\u00e5 er gode flyttet\u00e6pper uundv\u00e6rlige. Disse kvalitets syet flyttet\u00e6pper er gode t\u00e6pper til at beskytte dine m\u00f8bler under en flytning. Pak dine m\u00f8bler ind med det syet kvalitets flyttet\u00e6ppe eller placer flyttet\u00e6ppet mellem to stablede m\u00f8bler. Ved at bruge et flyttet\u00e6ppe [&hellip;]<\/p>\n","protected":false},"featured_media":583,"template":"","meta":[],"product_brand":[],"product_cat":[18],"product_tag":[],"class_list":{"0":"post-104","1":"product","2":"type-product","3":"status-publish","4":"has-post-thumbnail","6":"product_cat-taepper","8":"first","9":"onbackorder","10":"taxable","11":"shipping-taxable","12":"purchasable","13":"product-type-simple"},"_links":{"self":[{"href":"https:\/\/nordiccarline.dk\/index.php?rest_route=\/wp\/v2\/product\/104","targetHints":{"allow":["GET"]}}],"collection":[{"href":"https:\/\/nordiccarline.dk\/index.php?rest_route=\/wp\/v2\/product"}],"about":[{"href":"https:\/\/nordiccarline.dk\/index.php?rest_route=\/wp\/v2\/types\/product"}],"wp:featuredmedia":[{"embeddable":true,"href":"https:\/\/nordiccarline.dk\/index.php?rest_route=\/wp\/v2\/media\/583"}],"wp:attachment":[{"href":"https:\/\/nordiccarline.dk\/index.php?rest_route=%2Fwp%2Fv2%2Fmedia&parent=104"}],"wp:term":[{"taxonomy":"product_brand","embeddable":true,"href":"https:\/\/nordiccarline.dk\/index.php?rest_route=%2Fwp%2Fv2%2Fproduct_brand&post=104"},{"taxonomy":"product_cat","embeddable":true,"href":"https:\/\/nordiccarline.dk\/index.php?rest_route=%2Fwp%2Fv2%2Fproduct_cat&post=104"},{"taxonomy":"product_tag","embeddable":true,"href":"https:\/\/nordiccarline.dk\/index.php?rest_route=%2Fwp%2Fv2%2Fproduct_tag&post=104"}],"curies":[{"name":"wp","href":"https:\/\/api.w.org\/{rel}","templated":true}]}}