{"id":78,"date":"2019-03-07T15:31:53","date_gmt":"2019-03-07T14:31:53","guid":{"rendered":"https:\/\/nordiccarline.dk\/?page_id=78"},"modified":"2019-04-01T11:23:24","modified_gmt":"2019-04-01T10:23:24","slug":"salgsbetingelser","status":"publish","type":"page","link":"https:\/\/nordiccarline.dk\/?page_id=78","title":{"rendered":"Salgsbetingelser"},"content":{"rendered":"\n<p><strong>Personlige oplysninger:<\/strong><br>Ingen personlige oplysninger der registreres p\u00e5 Nordic Car Line, bliver p\u00e5 noget tidspunkt overdraget, solgt eller gjort tilg\u00e6ngelige for tredjemand. Alle informationer opbevares p\u00e5 betryggende vis, og er kun tilg\u00e6ngelige for betroede medarbejdere hos Nordic Car Line.<br><br>I forbindelse med evt. elektronisk betaling bruges en sikker krypteret metode gennem Webshopsystemet. Det er godkendt udbyder med godkendelse fra E-m\u00e6rket.<br><br>Shopsystemet anvender s\u00e5kaldte cookies til styring af indholdet i indk\u00f8bsvognen. En cookie er blot betegnelsen for en fil som gemmes p\u00e5 din egen PC. Det er desuden muligt at bede systemet gemme egne adresseoplysninger til n\u00e6ste bes\u00f8g . \u00d8nsker man p\u00e5 et senere tidspunkt at slette disse informationer, kan dette ske via browserindstillingerne. I Internet Explorer sker det eksempelvis via menuen &#8220;Funktioner&#8221; og menupunktet &#8220;Internetindstillinger&#8221;.<br><br>Under et k\u00f8b udbeder vi os navn, adresse, telefonnummer og e-mailadresse. Disse informationer bruges udelukkende til behandling af ordren. Informationerne transmitteres og lagres elektronisk p\u00e5 ukrypteret form, og gemmes i 5 \u00e5r. Selve &#8220;kontrakten&#8221; (k\u00f8bsaftalen) lagres ikke hos Nordic Car Line p\u00e5 en m\u00e5de, s\u00e5 du senere kan logge dig ind og se\/\u00e6ndre status.<br><br>Desuden registrerer vi IP-adressen hvorfra evt. k\u00f8b foretages. Informationen finder normalt ingen anvendelse, men kan bruges i en evt. politiefterforskning. Alle falske bestillinger politianmeldes!<br><br>Jvf. persondataloven oplyser vi p\u00e5 foresp\u00f8rgsel om registrerede oplysninger og p\u00e5 baggrund af evt. indsigelser foretager vi sletning i det omfang det \u00f8nskes.<br><br><strong>Betaling:<\/strong><br>Nordic Car Line modtager betaling med Dankort\/VISA-Dankort. Betaling vil f\u00f8rst blive trukket p\u00e5 din konto, n\u00e5r varen afsendes.<br><br>Nordic Car Line krypterer alle dine kortoplysninger med den s\u00e5kaldte SSL (Secure Socket Layer) protokol. Det betyder, at uvedkommende ikke kan afl\u00e6se dit kortnummer eller andre informationer under transaktionen med PBS.<br><br><strong>Levering:<\/strong><br>Nordic Car Line s\u00f8rger for levering med Post Danmark (med mindre andet angives) til modtager senest 48 timer efter afgivelse af ordre. Rettidig levering foruds\u00e6tter dog at Post Danmark overholder dag-til-dag levering. S\u00e5fremt der opst\u00e5r forsinkelser hos Post Danmark, vil dette tilsvarende forsinke leverancen i forhold til den \u00f8nskede leveringsdato. Post Danmarks kvalitetsm\u00e5l omkring leveringssikkerhed er minimum 97% for brevpakker og minimum 99% for pakkepost. Bem\u00e6rk dog at disse procentsatser er gennemsnitlige, og kan d\u00e6kke over store lokale og tidsbegr\u00e6nsede variationer. Nordic Car Line kan ikke drages til ansvar for forsinkelser hos Post Danmark. I tilf\u00e6lde af meget forsinkede (adskillige dage) eller decideret udeblevne leverancer, fremsender Nordic Car Line naturligvis en ny leverance uden beregning.<br><br>Levering til Bornholm og visse sm\u00e5\u00f8er er ikke omfattet af Post Danmarks m\u00e5ls\u00e6tning om dag-til-dag levering, idet forsendelser til disse omr\u00e5de i nogle tilf\u00e6lde kan vare 2 dage. Nordic Car Line tager altid udgangspunkt i dag-til-dag levering.<br>Der leveres ikke til F\u00e6r\u00f8erne, Gr\u00f8nland og udlandet.<br><br><strong>Reklamationsret:<\/strong><br>Nordic Car Line yder 2 \u00e5rs reklamationsret i henhold til k\u00f8beloven, omfattende fabrikations- og materialefejl, der konstateres ved varens normale anvendelse. Reklamationsretten d\u00e6kker ikke fejl, skader eller slitage, direkte eller indirekte opst\u00e5et som f\u00f8lge af forkert betjening, ringe vedligeholdelse, vold eller uautoriserede indgreb. Reklamation over fejl og mangler, som b\u00f8r opdages ved s\u00e6dvanlig unders\u00f8gelse af varen, skal meddeles Nordic Car Line indenfor rimelig tid. Varen kan efterf\u00f8lgende returneres for reparation, ombytning eller efter aftale evt. kreditering. I forbindelse med reklamationssager afholder Nordic Car Line returneringsomkostninger i rimeligt omfang.<br><br>Reklamation og varereturnering<br>Ved fejl, mangler eller evt. udeblevne leverancer bedes henvendelse rettet til:<br><br>Nordic Car Line<br>R\u00f8dovre Parkvej 269 2TH<br>2610 R\u00f8dovre<br>Email:\u00a0<a href=\"mailto:pbjarning@gmail.com\">pbjarning@gmail.com<\/a><br><br>Bem\u00e6rk at vi ikke modtager pakker sendt pr. efterkrav. Returnering kan ogs\u00e5 ske ved at n\u00e6gte modtagelse eller aflevere varen personligt hos os. Det er ikke et krav men ekspeditionen fremmes, hvis fyldestg\u00f8rende informationer f\u00f8lger pakken &#8211; eksempelvis kopi af ordrebekr\u00e6ftelse, registreringsnummer og kontonummer for bankkonto hvortil refusion kan foreg\u00e5, kopi af evt. forudg\u00e5ende korrespondance mv.<br><br><strong>Refusion:<\/strong><br>I tilf\u00e6lde af aftalte dekorter, returnerede varer eller forudbetalte varer som afbestilles f\u00f8r afsendelse, skal der ske en hel eller delvis refusion af k\u00f8besummen. Refusion sker normalt altid ved bankoverf\u00f8rsel, og Nordic Car Line har derfor brug for oplysninger om registreringsnumme<\/p>\n","protected":false},"excerpt":{"rendered":"<p>Personlige oplysninger:Ingen personlige oplysninger der registreres p\u00e5 Nordic Car Line, bliver p\u00e5 noget tidspunkt overdraget, solgt eller gjort tilg\u00e6ngelige for tredjemand. Alle informationer opbevares p\u00e5 betryggende vis, og er kun tilg\u00e6ngelige for betroede medarbejdere hos Nordic Car Line. I forbindelse med evt. elektronisk betaling bruges en sikker krypteret metode gennem Webshopsystemet. Det er godkendt udbyder [&hellip;]<\/p>\n","protected":false},"author":1,"featured_media":0,"parent":0,"menu_order":0,"comment_status":"closed","ping_status":"closed","template":"","meta":{"footnotes":""},"class_list":["post-78","page","type-page","status-publish","hentry"],"_links":{"self":[{"href":"https:\/\/nordiccarline.dk\/index.php?rest_route=\/wp\/v2\/pages\/78","targetHints":{"allow":["GET"]}}],"collection":[{"href":"https:\/\/nordiccarline.dk\/index.php?rest_route=\/wp\/v2\/pages"}],"about":[{"href":"https:\/\/nordiccarline.dk\/index.php?rest_route=\/wp\/v2\/types\/page"}],"author":[{"embeddable":true,"href":"https:\/\/nordiccarline.dk\/index.php?rest_route=\/wp\/v2\/users\/1"}],"replies":[{"embeddable":true,"href":"https:\/\/nordiccarline.dk\/index.php?rest_route=%2Fwp%2Fv2%2Fcomments&post=78"}],"version-history":[{"count":3,"href":"https:\/\/nordiccarline.dk\/index.php?rest_route=\/wp\/v2\/pages\/78\/revisions"}],"predecessor-version":[{"id":319,"href":"https:\/\/nordiccarline.dk\/index.php?rest_route=\/wp\/v2\/pages\/78\/revisions\/319"}],"wp:attachment":[{"href":"https:\/\/nordiccarline.dk\/index.php?rest_route=%2Fwp%2Fv2%2Fmedia&parent=78"}],"curies":[{"name":"wp","href":"https:\/\/api.w.org\/{rel}","templated":true}]}}